{"id":21950,"date":"2017-08-02T15:37:21","date_gmt":"2017-08-02T13:37:21","guid":{"rendered":"http:\/\/staging.deine-klamotten.de\/?page_id=21950"},"modified":"2017-08-02T16:30:36","modified_gmt":"2017-08-02T14:30:36","slug":"groessentabelle-damen","status":"publish","type":"page","link":"https:\/\/deine-klamotten.de\/start\/groessentabelle-damen\/","title":{"rendered":"Gr\u00f6\u00dfentabelle Damen"},"content":{"rendered":"\n  <div class=\"banner has-hover has-parallax\" id=\"banner-760945893\">\n          <div class=\"banner-inner fill\">\n        <div class=\"banner-bg fill\" data-parallax=\"-2\" data-parallax-container=\".banner\" data-parallax-background>\n            <div class=\"bg fill bg-fill \"><\/div>\n                        <div class=\"overlay\"><\/div>            \n                    <\/div><!-- bg-layers -->\n        <div class=\"banner-layers container\">\n            <div class=\"fill banner-link\"><\/div>            \n   <div id=\"text-box-538054854\" class=\"text-box banner-layer x50 md-x50 lg-x50 y50 md-y50 lg-y50 res-text\">\n                                <div class=\"text dark\">\n              \n              <div class=\"text-inner text-center\">\n                  \n<h3 class=\"uppercase\"><strong>Gr\u00f6\u00dfentabelle Damen<br \/> <\/strong><\/h3>\n<div class=\"is-divider divider clearfix\" ><\/div><!-- .divider -->\n<div class=\"social-icons share-icons share-row relative icon-style-outline \" ><a href=\"whatsapp:\/\/send?text=Gr%C3%B6%C3%9Fentabelle%20Damen - https:\/\/deine-klamotten.de\/start\/groessentabelle-damen\/\" data-action=\"share\/whatsapp\/share\" class=\"icon button circle is-outline tooltip whatsapp show-for-medium\" title=\"Share on WhatsApp\"><i class=\"icon-phone\"><\/i><\/a><a href=\"\/\/www.facebook.com\/sharer.php?u=https:\/\/deine-klamotten.de\/start\/groessentabelle-damen\/\" data-label=\"Facebook\" onclick=\"window.open(this.href,this.title,'width=500,height=500,top=300px,left=300px');  return false;\" rel=\"noopener noreferrer nofollow\" target=\"_blank\" class=\"icon button circle is-outline tooltip facebook\" title=\"Auf Facebook teilen\"><i class=\"icon-facebook\" ><\/i><\/a><a href=\"\/\/twitter.com\/share?url=https:\/\/deine-klamotten.de\/start\/groessentabelle-damen\/\" onclick=\"window.open(this.href,this.title,'width=500,height=500,top=300px,left=300px');  return false;\" rel=\"noopener noreferrer nofollow\" target=\"_blank\" class=\"icon button circle is-outline tooltip twitter\" title=\"Auf Twitter teilen\"><i class=\"icon-twitter\" ><\/i><\/a><a href=\"mailto:enteryour@addresshere.com?subject=Gr%C3%B6%C3%9Fentabelle%20Damen&amp;body=Check%20this%20out:%20https:\/\/deine-klamotten.de\/start\/groessentabelle-damen\/\" rel=\"nofollow\" class=\"icon button circle is-outline tooltip email\" title=\"Sende eine Email an einen Freund\"><i class=\"icon-envelop\" ><\/i><\/a><a href=\"\/\/plus.google.com\/share?url=https:\/\/deine-klamotten.de\/start\/groessentabelle-damen\/\" target=\"_blank\" class=\"icon button circle is-outline tooltip google-plus\" onclick=\"window.open(this.href,this.title,'width=500,height=500,top=300px,left=300px');  return false;\" rel=\"noopener noreferrer nofollow\" title=\"auf Google+ teilen\"><i class=\"icon-google-plus\" ><\/i><\/a><\/div>\n              <\/div>\n           <\/div><!-- text-box-inner -->\n                            \n<style scope=\"scope\">\n\n#text-box-538054854 {\n  width: 60%;\n}\n#text-box-538054854 .text {\n  font-size: 100%;\n}\n\n\n@media (min-width:550px) {\n\n  #text-box-538054854 {\n    width: 68%;\n  }\n\n}\n<\/style>\n    <\/div><!-- text-box -->\n \n        <\/div><!-- .banner-layers -->\n      <\/div><!-- .banner-inner -->\n\n            \n<style scope=\"scope\">\n\n#banner-760945893 {\n  padding-top: 300px;\n}\n#banner-760945893 .bg.bg-loaded {\n  background-image: url(https:\/\/deine-klamotten.de\/wp-content\/uploads\/2017\/04\/hero_store_01.jpg);\n}\n#banner-760945893 .overlay {\n  background-color: rgba(0, 0, 0, 0.2);\n}\n<\/style>\n  <\/div><!-- .banner -->\n\n\n<div class=\"row\"  id=\"row-970263830\">\n<div class=\"col small-12 large-12\"  ><div class=\"col-inner\"  >\n<div class=\"row\"  id=\"row-2102401710\">\n<div class=\"col medium-6 small-12 large-6\"  ><div class=\"col-inner\"  >\n<h1><span style=\"font-size: 100%;\"><b>Wie messe ich richtig?<\/b><\/span><\/h1>\n<p>Bitte nicht am K\u00f6rper messen!<\/p>\n<p>Nimm Dir ein vergleichbares, gut passendes Kleidungsst\u00fcck aus dem Schrank und nimm dort die Ma\u00dfe ab.<\/p>\n<p><strong>Breite:<\/strong> Kurz unter den \u00c4rmeln in horizontaler Richtung von Seitennaht zu Seitennaht.<\/p>\n<p><strong>H\u00f6he:<\/strong> Kurz neben dem Halsausschnitt vertikal von Schulternaht zu H\u00fcftabschluss.<br \/>\u00c4rmell\u00e4nge: Von der \u00c4rmelnaht bis zum \u00c4rmelabschluss<\/p>\n<p>Unsere Shirts, Hoodies und Jacken sind aus vorgewaschenem Material gefertigt und werden nur ganz minimal bei der ersten W\u00e4sche einlaufen.<\/p>\n<p><span style=\"font-size: 120%;\">Damen Premium T-Shirts<br \/><\/span><\/p>\n\t<div class=\"img has-hover x md-x lg-x y md-y lg-y\" id=\"image_997968098\">\n\t\t\t\t\t\t\t\t<div class=\"img-inner dark\" >\n\t\t\t<img width=\"1020\" height=\"158\" src=\"https:\/\/deine-klamotten.de\/wp-content\/uploads\/2017\/08\/groessentabelle_damen_02.jpg\" class=\"attachment-large size-large\" alt=\"groessentabelle damen\" loading=\"lazy\" srcset=\"https:\/\/deine-klamotten.de\/wp-content\/uploads\/2017\/08\/groessentabelle_damen_02.jpg 1106w, https:\/\/deine-klamotten.de\/wp-content\/uploads\/2017\/08\/groessentabelle_damen_02-600x93.jpg 600w, https:\/\/deine-klamotten.de\/wp-content\/uploads\/2017\/08\/groessentabelle_damen_02-800x124.jpg 800w, https:\/\/deine-klamotten.de\/wp-content\/uploads\/2017\/08\/groessentabelle_damen_02-768x119.jpg 768w\" sizes=\"(max-width: 1020px) 100vw, 1020px\" \/>\t\t\t\t\t\t\n\t\t\t\t\t<\/div>\n\t\t\t\t\t\t\t\t\n<style scope=\"scope\">\n\n#image_997968098 {\n  width: 100%;\n}\n<\/style>\n\t<\/div>\n\t\n<p><span style=\"font-size: 120%;\">Damen Tank Top<\/span><\/p>\n\t<div class=\"box has-hover has-hover box-text-bottom\" >\n\n\t\t<div class=\"box-image\" >\n\t\t\t\t\t\t<div class=\"\" >\n\t\t\t\t<img width=\"1103\" height=\"121\" src=\"https:\/\/deine-klamotten.de\/wp-content\/uploads\/2017\/08\/groessentabelle_damen_03.jpg\" class=\"attachment- size-\" alt=\"\" loading=\"lazy\" srcset=\"https:\/\/deine-klamotten.de\/wp-content\/uploads\/2017\/08\/groessentabelle_damen_03.jpg 1103w, https:\/\/deine-klamotten.de\/wp-content\/uploads\/2017\/08\/groessentabelle_damen_03-600x66.jpg 600w, https:\/\/deine-klamotten.de\/wp-content\/uploads\/2017\/08\/groessentabelle_damen_03-800x88.jpg 800w, https:\/\/deine-klamotten.de\/wp-content\/uploads\/2017\/08\/groessentabelle_damen_03-768x84.jpg 768w\" sizes=\"(max-width: 1103px) 100vw, 1103px\" \/>\t\t\t\t\t\t\t\t\t\t\t<\/div>\n\t\t\t\t\t<\/div><!-- box-image -->\n\n\t\t<div class=\"box-text text-center\" >\n\t\t\t<div class=\"box-text-inner\">\n\t\t\t\t\n\t\t\t<\/div><!-- box-text-inner -->\n\t\t<\/div><!-- box-text -->\n\t<\/div><!-- .box  -->\n\t\n<\/div><\/div>\n<div class=\"col medium-6 small-12 large-6\"  ><div class=\"col-inner\"  >\n\t<div class=\"img has-hover x md-x lg-x y md-y lg-y\" id=\"image_495851956\">\n\t\t\t\t\t\t\t\t<div class=\"img-inner dark\" >\n\t\t\t<img width=\"400\" height=\"400\" src=\"https:\/\/deine-klamotten.de\/wp-content\/uploads\/2017\/08\/groessentabelle-400x400.jpg\" class=\"attachment-medium size-medium\" alt=\"\" loading=\"lazy\" srcset=\"https:\/\/deine-klamotten.de\/wp-content\/uploads\/2017\/08\/groessentabelle-400x400.jpg 400w, https:\/\/deine-klamotten.de\/wp-content\/uploads\/2017\/08\/groessentabelle-300x300.jpg 300w, https:\/\/deine-klamotten.de\/wp-content\/uploads\/2017\/08\/groessentabelle-100x100.jpg 100w, https:\/\/deine-klamotten.de\/wp-content\/uploads\/2017\/08\/groessentabelle-600x600.jpg 600w, https:\/\/deine-klamotten.de\/wp-content\/uploads\/2017\/08\/groessentabelle-280x280.jpg 280w, https:\/\/deine-klamotten.de\/wp-content\/uploads\/2017\/08\/groessentabelle-768x768.jpg 768w, https:\/\/deine-klamotten.de\/wp-content\/uploads\/2017\/08\/groessentabelle.jpg 800w\" sizes=\"(max-width: 400px) 100vw, 400px\" \/>\t\t\t\t\t\t\n\t\t\t\t\t<\/div>\n\t\t\t\t\t\t\t\t\n<style scope=\"scope\">\n\n#image_495851956 {\n  width: 100%;\n}\n<\/style>\n\t<\/div>\n\t\n<\/div><\/div>\n<\/div>\n<\/div><\/div>\n<\/div>\n","protected":false},"excerpt":{"rendered":"","protected":false},"author":1,"featured_media":0,"parent":0,"menu_order":0,"comment_status":"closed","ping_status":"closed","template":"","meta":[],"_links":{"self":[{"href":"https:\/\/deine-klamotten.de\/start\/wp-json\/wp\/v2\/pages\/21950"}],"collection":[{"href":"https:\/\/deine-klamotten.de\/start\/wp-json\/wp\/v2\/pages"}],"about":[{"href":"https:\/\/deine-klamotten.de\/start\/wp-json\/wp\/v2\/types\/page"}],"author":[{"embeddable":true,"href":"https:\/\/deine-klamotten.de\/start\/wp-json\/wp\/v2\/users\/1"}],"replies":[{"embeddable":true,"href":"https:\/\/deine-klamotten.de\/start\/wp-json\/wp\/v2\/comments?post=21950"}],"version-history":[{"count":4,"href":"https:\/\/deine-klamotten.de\/start\/wp-json\/wp\/v2\/pages\/21950\/revisions"}],"predecessor-version":[{"id":21958,"href":"https:\/\/deine-klamotten.de\/start\/wp-json\/wp\/v2\/pages\/21950\/revisions\/21958"}],"wp:attachment":[{"href":"https:\/\/deine-klamotten.de\/start\/wp-json\/wp\/v2\/media?parent=21950"}],"curies":[{"name":"wp","href":"https:\/\/api.w.org\/{rel}","templated":true}]}}