{"id":11693,"date":"2017-06-28T18:14:52","date_gmt":"2017-06-28T16:14:52","guid":{"rendered":"http:\/\/staging.deine-klamotten.de\/?post_type=product&#038;p=11693"},"modified":"2017-09-05T20:05:08","modified_gmt":"2017-09-05T18:05:08","slug":"fun-shirt-trucker-aus-leidenschaft","status":"publish","type":"product","link":"https:\/\/deine-klamotten.de\/start\/produkt\/fun-shirt-trucker-aus-leidenschaft\/","title":{"rendered":"Herren V-Neck Fun Shirt Trucker aus Leidenschaft"},"content":{"rendered":"<h3><b>Deine Heimat sind die Landstra\u00dfen und die Autobahnen. Der Geruch von Diesel und Hydraulik\u00f6l Dein st\u00e4ndiger Begleiter. Sperrstangen und Zurrgurte sind Deine Arbeitsger\u00e4te. Du liebst Deinen Beruf. Du bist Trucker aus Leidenschaft. Cooles M\u00e4nner Fun Shirt in Top Qualit\u00e4t zum super Preis.<\/b><\/h3>\n<div>T-Shirt, V-Ausschnitt, Single Jersey, 100 % Baumwolle, 180 g\/m\u00b2<\/div>\n<div><\/div>\n<div><strong>Schnitt<\/strong><\/div>\n<div>&#8211; komfortable Schnittform<\/div>\n<div><\/div>\n<div><strong>Verarbeitung<\/strong><\/div>\n<div>&#8211; Rippb\u00fcndchen mit Elasthan<\/div>\n<div>&#8211; Nackenband<\/div>\n<div>&#8211; verst\u00e4rkte Schultern\u00e4hte<\/div>\n<div>&#8211; Doppeln\u00e4hte<\/div>\n<div>&#8211; Schlauchware<\/div>\n<div><\/div>\n<div><strong>Eigenschaften<\/strong><\/div>\n<div>&#8211; gek\u00e4mmte Baumwolle<\/div>\n<div>&#8211; strapazierf\u00e4hig<\/div>\n<div>&#8211; formbest\u00e4ndig<\/div>\n<div>&#8211; weiches Griffgef\u00fchl<\/div>\n","protected":false},"excerpt":{"rendered":"<p>M\u00e4ner T-Shirt, V-Ausschnitt, Single Jersey<\/p>\n","protected":false},"featured_media":0,"comment_status":"open","ping_status":"closed","template":"","meta":[],"_links":{"self":[{"href":"https:\/\/deine-klamotten.de\/start\/wp-json\/wp\/v2\/product\/11693"}],"collection":[{"href":"https:\/\/deine-klamotten.de\/start\/wp-json\/wp\/v2\/product"}],"about":[{"href":"https:\/\/deine-klamotten.de\/start\/wp-json\/wp\/v2\/types\/product"}],"replies":[{"embeddable":true,"href":"https:\/\/deine-klamotten.de\/start\/wp-json\/wp\/v2\/comments?post=11693"}],"wp:attachment":[{"href":"https:\/\/deine-klamotten.de\/start\/wp-json\/wp\/v2\/media?parent=11693"}],"curies":[{"name":"wp","href":"https:\/\/api.w.org\/{rel}","templated":true}]}}