{"id":14922,"date":"2017-07-11T19:47:46","date_gmt":"2017-07-11T17:47:46","guid":{"rendered":"http:\/\/staging.deine-klamotten.de\/?post_type=product&#038;p=14922"},"modified":"2017-09-28T21:51:52","modified_gmt":"2017-09-28T19:51:52","slug":"herren-fun-shirt-ja-ich-habe-plaene-fuer-die-rente-ich-plane-zu-campen","status":"publish","type":"product","link":"https:\/\/deine-klamotten.de\/start\/produkt\/herren-fun-shirt-ja-ich-habe-plaene-fuer-die-rente-ich-plane-zu-campen\/","title":{"rendered":"Herren V-Neck Fun Shirt Ja, ich habe Pl\u00e4ne f\u00fcr die Rente ich plane zu campen!"},"content":{"rendered":"<h3><b>Ja, ich habe pl\u00e4ne f\u00fcr die Rente. Ich plane zu campen.<\/b><\/h3>\n<h3><b>Was gibt es Sch\u00f6neres als Camping mit dem Wohnwagen oder Wohnmobil, unbeschwert von Sorgen und Stress, das Leben zu geniessen?!<\/b><\/h3>\n<h3><b>Cooles M\u00e4nner Fun Shirt in Top Qualit\u00e4t zum super Preis.<\/b><\/h3>\n<div>T-Shirt, V-Ausschnitt, Single Jersey, 100 % Baumwolle, 180 g\/m\u00b2<\/div>\n<div><\/div>\n<div><strong>Schnitt<\/strong><\/div>\n<div>&#8211; komfortable Schnittform<\/div>\n<div><\/div>\n<div><strong>Verarbeitung<\/strong><\/div>\n<div>&#8211; Rippb\u00fcndchen mit Elasthan<\/div>\n<div>&#8211; Nackenband<\/div>\n<div>&#8211; verst\u00e4rkte Schultern\u00e4hte<\/div>\n<div>&#8211; Doppeln\u00e4hte<\/div>\n<div>&#8211; Schlauchware<\/div>\n<div><\/div>\n<div><strong>Eigenschaften<\/strong><\/div>\n<div>&#8211; gek\u00e4mmte Baumwolle<\/div>\n<div>&#8211; strapazierf\u00e4hig<\/div>\n<div>&#8211; formbest\u00e4ndig<\/div>\n<div>&#8211; weiches Griffgef\u00fchl<\/div>\n","protected":false},"excerpt":{"rendered":"<p>Herren T-Shirt, V-Ausschnitt, Single Jersey<\/p>\n","protected":false},"featured_media":0,"comment_status":"open","ping_status":"closed","template":"","meta":[],"_links":{"self":[{"href":"https:\/\/deine-klamotten.de\/start\/wp-json\/wp\/v2\/product\/14922"}],"collection":[{"href":"https:\/\/deine-klamotten.de\/start\/wp-json\/wp\/v2\/product"}],"about":[{"href":"https:\/\/deine-klamotten.de\/start\/wp-json\/wp\/v2\/types\/product"}],"replies":[{"embeddable":true,"href":"https:\/\/deine-klamotten.de\/start\/wp-json\/wp\/v2\/comments?post=14922"}],"wp:attachment":[{"href":"https:\/\/deine-klamotten.de\/start\/wp-json\/wp\/v2\/media?parent=14922"}],"curies":[{"name":"wp","href":"https:\/\/api.w.org\/{rel}","templated":true}]}}