{"id":15336,"date":"2017-07-11T20:49:03","date_gmt":"2017-07-11T18:49:03","guid":{"rendered":"http:\/\/staging.deine-klamotten.de\/?post_type=product&#038;p=15336"},"modified":"2017-09-05T19:04:25","modified_gmt":"2017-09-05T17:04:25","slug":"fun-shirt-oma-2018-loading","status":"publish","type":"product","link":"https:\/\/deine-klamotten.de\/start\/produkt\/fun-shirt-oma-2018-loading\/","title":{"rendered":"Damen Fun Shirt Oma 2018 loading&#8230;"},"content":{"rendered":"<h3><b>Es dauert nicht mehr lange &#8211; Deine Kinder werden Eltern. Du wirst unendlich stolz sein. Beste Oma, Gl\u00fccksgef\u00fchle. Dein Leben bekommt endlich einen Sinn &#8211; Du wirst Oma. Oma 2018 loading&#8230; Sch\u00f6nes Damen Fun Shirt in Top Qualit\u00e4t zum super Preis.<\/b><\/h3>\n<div>T-Shirt, leicht tailliert, Single Jersey, 100 % Baumwolle, 180 g\/m\u00b2<\/div>\n<div><\/div>\n<div><strong>Schnitt<\/strong><\/div>\n<div>&#8211; komfortable Schnittform<\/div>\n<div>&#8211; leicht tailliert<\/div>\n<div>&#8211; optimierte L\u00e4nge<\/div>\n<div><\/div>\n<div><strong>Verarbeitung<\/strong><\/div>\n<div>&#8211; Rippb\u00fcndchen mit Elasthan<\/div>\n<div>&#8211; Nackenband<\/div>\n<div>&#8211; verst\u00e4rkte Schultern\u00e4hte<\/div>\n<div>&#8211; Doppeln\u00e4hte<\/div>\n<div>&#8211; Seitenn\u00e4hte<\/div>\n<div><\/div>\n<div><strong>Eigenschaften<\/strong><\/div>\n<div>&#8211; gek\u00e4mmte Baumwolle<\/div>\n<div>&#8211; strapazierf\u00e4hig<\/div>\n<div>&#8211; formbest\u00e4ndig<\/div>\n<div>&#8211; weiches Griffgef\u00fchl<\/div>\n<div><\/div>\n","protected":false},"excerpt":{"rendered":"<p>Damen T-Shirt, leicht tailliert, Single Jersey<\/p>\n","protected":false},"featured_media":0,"comment_status":"open","ping_status":"closed","template":"","meta":[],"_links":{"self":[{"href":"https:\/\/deine-klamotten.de\/start\/wp-json\/wp\/v2\/product\/15336"}],"collection":[{"href":"https:\/\/deine-klamotten.de\/start\/wp-json\/wp\/v2\/product"}],"about":[{"href":"https:\/\/deine-klamotten.de\/start\/wp-json\/wp\/v2\/types\/product"}],"replies":[{"embeddable":true,"href":"https:\/\/deine-klamotten.de\/start\/wp-json\/wp\/v2\/comments?post=15336"}],"wp:attachment":[{"href":"https:\/\/deine-klamotten.de\/start\/wp-json\/wp\/v2\/media?parent=15336"}],"curies":[{"name":"wp","href":"https:\/\/api.w.org\/{rel}","templated":true}]}}