{"id":16852,"date":"2017-07-18T17:45:39","date_gmt":"2017-07-18T15:45:39","guid":{"rendered":"http:\/\/staging.deine-klamotten.de\/?post_type=product&#038;p=16852"},"modified":"2017-08-11T18:10:42","modified_gmt":"2017-08-11T16:10:42","slug":"fun-shirt-da-gibt-es-dieses-maedchen","status":"publish","type":"product","link":"https:\/\/deine-klamotten.de\/start\/produkt\/fun-shirt-da-gibt-es-dieses-maedchen\/","title":{"rendered":"Herren V-Neck Fun Shirt Da gibt es dieses M\u00e4dchen, das irgendwie mein Herz geklaut hat"},"content":{"rendered":"<h3><b>M\u00e4nner Fun-Shirt in Top Qualit\u00e4t zum super Preis<\/b><\/h3>\n<div>T-Shirt, V-Ausschnitt, Single Jersey, 100 % Baumwolle, 180 g\/m\u00b2<\/div>\n<div><\/div>\n<div><strong>Schnitt<\/strong><\/div>\n<div>&#8211; komfortable Schnittform<\/div>\n<div><\/div>\n<div><strong>Verarbeitung<\/strong><\/div>\n<div>&#8211; Rippb\u00fcndchen mit Elasthan<\/div>\n<div>&#8211; Nackenband<\/div>\n<div>&#8211; verst\u00e4rkte Schultern\u00e4hte<\/div>\n<div>&#8211; Doppeln\u00e4hte<\/div>\n<div>&#8211; Schlauchware<\/div>\n<div><\/div>\n<div><strong>Eigenschaften<\/strong><\/div>\n<div>&#8211; hervorragend geeignet f\u00fcr DTG<\/div>\n<div>&#8211; gek\u00e4mmte Baumwolle<\/div>\n<div>&#8211; strapazierf\u00e4hig<\/div>\n<div>&#8211; formbest\u00e4ndig<\/div>\n<div>&#8211; weiches Griffgef\u00fchl<\/div>\n","protected":false},"excerpt":{"rendered":"<p>T-Shirt, V-Ausschnitt, Single Jersey<\/p>\n","protected":false},"featured_media":0,"comment_status":"open","ping_status":"closed","template":"","meta":[],"_links":{"self":[{"href":"https:\/\/deine-klamotten.de\/start\/wp-json\/wp\/v2\/product\/16852"}],"collection":[{"href":"https:\/\/deine-klamotten.de\/start\/wp-json\/wp\/v2\/product"}],"about":[{"href":"https:\/\/deine-klamotten.de\/start\/wp-json\/wp\/v2\/types\/product"}],"replies":[{"embeddable":true,"href":"https:\/\/deine-klamotten.de\/start\/wp-json\/wp\/v2\/comments?post=16852"}],"wp:attachment":[{"href":"https:\/\/deine-klamotten.de\/start\/wp-json\/wp\/v2\/media?parent=16852"}],"curies":[{"name":"wp","href":"https:\/\/api.w.org\/{rel}","templated":true}]}}