{"id":16999,"date":"2017-07-18T18:01:54","date_gmt":"2017-07-18T16:01:54","guid":{"rendered":"http:\/\/staging.deine-klamotten.de\/?post_type=product&#038;p=16999"},"modified":"2017-11-11T09:27:49","modified_gmt":"2017-11-11T08:27:49","slug":"fun-shirt-ich-brauche-keine-therapie-ich-muss-nur-an-die-ostsee","status":"publish","type":"product","link":"https:\/\/deine-klamotten.de\/start\/produkt\/fun-shirt-ich-brauche-keine-therapie-ich-muss-nur-an-die-ostsee\/","title":{"rendered":"Herren V-Neck Fun Shirt Ich brauche keine Therapie Ich muss nur an die Ostsee Norddeutsch Heimat"},"content":{"rendered":"<h3><b>M\u00f6wengeschrei und Meeresrauschen. Wellen und Wind. Krabben und Matjes. Die K\u00fcste hat f\u00fcr Dich eine heilende Wirkung &#8211; Ich brauche keine Therapie. Ich muss nur an die Ostsee. <\/b><\/h3>\n<h3><b>Cooles M\u00e4nner Fun Shirt in Top Qualit\u00e4t zum super Preis.<\/b><\/h3>\n<div>T-Shirt, V-Ausschnitt, Single Jersey, 100 % Baumwolle, 180 g\/m\u00b2<\/div>\n<div><\/div>\n<div><strong>Schnitt<\/strong><\/div>\n<div>&#8211; komfortable Schnittform<\/div>\n<div><\/div>\n<div><strong>Verarbeitung<\/strong><\/div>\n<div>&#8211; Rippb\u00fcndchen mit Elasthan<\/div>\n<div>&#8211; Nackenband<\/div>\n<div>&#8211; verst\u00e4rkte Schultern\u00e4hte<\/div>\n<div>&#8211; Doppeln\u00e4hte<\/div>\n<div>&#8211; Schlauchware<\/div>\n<div><\/div>\n<div><strong>Eigenschaften<\/strong><\/div>\n<div>&#8211; hervorragend geeignet f\u00fcr DTG<\/div>\n<div>&#8211; gek\u00e4mmte Baumwolle<\/div>\n<div>&#8211; strapazierf\u00e4hig<\/div>\n<div>&#8211; formbest\u00e4ndig<\/div>\n<div>&#8211; weiches Griffgef\u00fchl<\/div>\n","protected":false},"excerpt":{"rendered":"<p>M\u00e4nner T-Shirt, V-Ausschnitt, Single Jersey<\/p>\n","protected":false},"featured_media":0,"comment_status":"open","ping_status":"closed","template":"","meta":[],"_links":{"self":[{"href":"https:\/\/deine-klamotten.de\/start\/wp-json\/wp\/v2\/product\/16999"}],"collection":[{"href":"https:\/\/deine-klamotten.de\/start\/wp-json\/wp\/v2\/product"}],"about":[{"href":"https:\/\/deine-klamotten.de\/start\/wp-json\/wp\/v2\/types\/product"}],"replies":[{"embeddable":true,"href":"https:\/\/deine-klamotten.de\/start\/wp-json\/wp\/v2\/comments?post=16999"}],"wp:attachment":[{"href":"https:\/\/deine-klamotten.de\/start\/wp-json\/wp\/v2\/media?parent=16999"}],"curies":[{"name":"wp","href":"https:\/\/api.w.org\/{rel}","templated":true}]}}