{"id":20711,"date":"2017-07-29T11:19:21","date_gmt":"2017-07-29T09:19:21","guid":{"rendered":"http:\/\/staging.deine-klamotten.de\/?post_type=product&#038;p=20711"},"modified":"2018-05-11T16:45:46","modified_gmt":"2018-05-11T14:45:46","slug":"kfz-tattoo-hexenkutsche","status":"publish","type":"product","link":"https:\/\/deine-klamotten.de\/start\/produkt\/kfz-tattoo-hexenkutsche\/","title":{"rendered":"KFZ-Tattoo Hexenkutsche 10cm x14cm"},"content":{"rendered":"<h3><strong>KFZ-Tattoo Hexenkutsche<\/strong><\/h3>\n<h3><strong>Cooler KFZ-Aufkleber f\u00fcr Ladies<\/strong><\/h3>\n<p class=\"x_p1\"><span class=\"x_s1\">DU WILLST ETWAS BESONDERES F\u00dcR DEIN FAHRZEUG, ETWAS EINZIGARTIGES, DANN NUTZE AUCH DU DIE VORTEILE UNSERER TATTOOS UND DEKORE!<span class=\"x_Apple-converted-space\">\u00a0<\/span><\/span><\/p>\n<p class=\"x_p3\"><span class=\"x_s3\">\u2611\ufe0fSelbstklebend \u2611\ufe0fLeicht anzubringen \u2611\ufe0fR\u00fcckstandsfrei entfernbar<\/span><\/p>\n<p class=\"x_p3\"><span class=\"x_s2\">\u2022Zur Au\u00dfendekoration an Lackfl\u00e4chen und Glasfl\u00e4chen.<\/span><\/p>\n<p class=\"x_p3\"><span class=\"x_s2\">\u2022Bei unseren Materialien handelt es sich um hauchd\u00fcnne Vinyl-Qualit\u00e4tsfolien, w\u00e4hlbar in bis zu 27 Farben, Oberfl\u00e4che in gl\u00e4nzend, sowie schwarz- und wei\u00df matt.<\/span><\/p>\n<p class=\"x_p3\"><span class=\"x_s2\">\u2022Handarbeit Made in Germany.<\/span><\/p>\n<p class=\"x_p3\"><span class=\"x_s2\">\u2022Der Untergrund muss frei von Fett, Schmutz, Teer, Politur, Silikon und Staub sein.<\/span><\/p>\n<p class=\"x_p3\"><span class=\"x_s2\">\u2022Bei neu lackierten Teilen muss der Lack mindestens 30 Tage endgetrocknet sein.<\/span><\/p>\n<p class=\"x_p3\"><span class=\"x_s2\">\u2022Selbstklebende Produkte nicht l\u00e4nger als 21 Tage nach Erhalt lagern.<\/span><\/p>\n<p class=\"x_p1\"><span class=\"x_s1\">Du hast die richtige Gr\u00f6\u00dfe nicht gefunden?<\/span><\/p>\n<p class=\"x_p3\"><span class=\"x_s2\">Kein Problem!<\/span><\/p>\n<p><span class=\"x_s2\">Schreibe uns Deine Wunschgr\u00f6\u00dfe unter Angabe der Artikel \u00dcberschrift einfach per Mail!<span class=\"x_Apple-converted-space\">\u00a0<\/span><\/span><\/p>\n<p><a href=\"mailto:info@deine-klamotten.de\">info@deine-klamotten.de<\/a><\/p>\n","protected":false},"excerpt":{"rendered":"<p><span class=\"x_s2\">KFZ Tattoo &#8211; Zur Au\u00dfendekoration an Lackfl\u00e4chen und Glasfl\u00e4chen.<\/span><\/p>\n<p>Gr\u00f6\u00dfe 10cm x 14cm<\/p>\n<p>19 Farben<\/p>\n<p>Oberfl\u00e4che gl\u00e4nzend, sowie schwarz- und wei\u00df matt<\/p>\n","protected":false},"featured_media":0,"comment_status":"open","ping_status":"closed","template":"","meta":[],"_links":{"self":[{"href":"https:\/\/deine-klamotten.de\/start\/wp-json\/wp\/v2\/product\/20711"}],"collection":[{"href":"https:\/\/deine-klamotten.de\/start\/wp-json\/wp\/v2\/product"}],"about":[{"href":"https:\/\/deine-klamotten.de\/start\/wp-json\/wp\/v2\/types\/product"}],"replies":[{"embeddable":true,"href":"https:\/\/deine-klamotten.de\/start\/wp-json\/wp\/v2\/comments?post=20711"}],"wp:attachment":[{"href":"https:\/\/deine-klamotten.de\/start\/wp-json\/wp\/v2\/media?parent=20711"}],"curies":[{"name":"wp","href":"https:\/\/api.w.org\/{rel}","templated":true}]}}