{"id":21355,"date":"2017-07-31T19:38:30","date_gmt":"2017-07-31T17:38:30","guid":{"rendered":"http:\/\/staging.deine-klamotten.de\/?post_type=product&#038;p=21355"},"modified":"2017-11-08T21:50:23","modified_gmt":"2017-11-08T20:50:23","slug":"wandtattoo-paris-eifelturm","status":"publish","type":"product","link":"https:\/\/deine-klamotten.de\/start\/produkt\/wandtattoo-paris-eifelturm\/","title":{"rendered":"Wandtattoo Paris Eifelturm"},"content":{"rendered":"<h3><strong>Paris, die Stadt der Liebe. Ein wundersch\u00f6nes Wandtattoo f\u00fcr jeden Raum!<\/strong><\/h3>\n<p>DU WILLST ETWAS BESONDERES F\u00dcR DEINE 4 W\u00c4NDE, DANN NUTZE AUCH DU DIE VORTEILE UNSERER WANDTATTOOS:<\/p>\n<p>\u2713Selbstklebend \u2713Leicht anzubringen \u2713R\u00fcckstandsfrei entfernbar<\/p>\n<p>\u2022 Zur Innendekoration von W\u00e4nden, M\u00f6beln, Glasfl\u00e4chen und T\u00fcren.<\/p>\n<p>\u2022 Bei unseren Materialien handelt es sich um hauchd\u00fcnne Vinyl-Qualit\u00e4tsfolien, w\u00e4hlbar in bis zu 15 Farben, Oberfl\u00e4che seidenmatt.<\/p>\n<p>\u2022 Handarbeit Made in Germany<\/p>\n<p>\u2022 Der Untergrund muss frei von Fett, Silikon, Latex, Acryl und Staub sein.<\/p>\n<p>\u2022 Alle Farbanstriche mindestens 12 Tage vor Anbringung trocknen lassen<\/p>\n<p>\u2022 Selbstklebende Produkte nicht l\u00e4nger als 21 Tage nach Erhalt lagern.<\/p>\n<p>Du hast die richtige Gr\u00f6\u00dfe nicht gefunden?<\/p>\n<p>Kein Problem! Schreibe uns Deine Wunschgr\u00f6\u00dfe unter Angabe der \u00dcberschrift einfach per Mail!<\/p>\n<p><a href=\"mailto:info@deine-klamotten.de\">info@deine-klamotten.de<\/a><\/p>\n","protected":false},"excerpt":{"rendered":"<p>Wandtattoo Paris, zur Innendekoration von W\u00e4nden, M\u00f6beln, Glasfl\u00e4chen und T\u00fcren.<\/p>\n<p>15 Farben<\/p>\n<p>Oberfl\u00e4che seidenmatt<\/p>\n","protected":false},"featured_media":0,"comment_status":"open","ping_status":"closed","template":"","meta":[],"_links":{"self":[{"href":"https:\/\/deine-klamotten.de\/start\/wp-json\/wp\/v2\/product\/21355"}],"collection":[{"href":"https:\/\/deine-klamotten.de\/start\/wp-json\/wp\/v2\/product"}],"about":[{"href":"https:\/\/deine-klamotten.de\/start\/wp-json\/wp\/v2\/types\/product"}],"replies":[{"embeddable":true,"href":"https:\/\/deine-klamotten.de\/start\/wp-json\/wp\/v2\/comments?post=21355"}],"wp:attachment":[{"href":"https:\/\/deine-klamotten.de\/start\/wp-json\/wp\/v2\/media?parent=21355"}],"curies":[{"name":"wp","href":"https:\/\/api.w.org\/{rel}","templated":true}]}}