{"id":22199,"date":"2017-08-07T18:17:34","date_gmt":"2017-08-07T16:17:34","guid":{"rendered":"http:\/\/deine-klamotten.de\/?post_type=product&#038;p=22199"},"modified":"2017-09-30T11:21:02","modified_gmt":"2017-09-30T09:21:02","slug":"fun-shirt-moin-seemann-norddeutsch","status":"publish","type":"product","link":"https:\/\/deine-klamotten.de\/start\/produkt\/fun-shirt-moin-seemann-norddeutsch\/","title":{"rendered":"Herren V-Neck Fun Shirt Moin Seemann Norddeutsch"},"content":{"rendered":"<h3><strong>Man muss kein Seemann mit Bart sein, um dieses sch\u00f6ne Shirt zu tragen. Wer die K\u00fcste liebt, das Meer und die salzige Luft, der ist mit diesem Shirt perfekt gekleidet. Cooler Style auch f\u00fcr Landratten.<\/strong><\/h3>\n<h3><b>M\u00e4nner Fun-Shirt f\u00fcr echte Norddeutsche in Top Qualit\u00e4t zum super Preis<\/b><\/h3>\n<div>T-Shirt, V-Ausschnitt, Single Jersey, 100 % Baumwolle, 180 g\/m\u00b2<\/div>\n<div><\/div>\n<div><strong>Schnitt<\/strong><\/div>\n<div>&#8211; komfortable Schnittform<\/div>\n<div><\/div>\n<div><strong>Verarbeitung<\/strong><\/div>\n<div>&#8211; Rippb\u00fcndchen mit Elasthan<\/div>\n<div>&#8211; Nackenband<\/div>\n<div>&#8211; verst\u00e4rkte Schultern\u00e4hte<\/div>\n<div>&#8211; Doppeln\u00e4hte<\/div>\n<div>&#8211; Schlauchware<\/div>\n<div><\/div>\n<div><strong>Eigenschaften<\/strong><\/div>\n<div>&#8211; gek\u00e4mmte Baumwolle<\/div>\n<div>&#8211; strapazierf\u00e4hig<\/div>\n<div>&#8211; formbest\u00e4ndig<\/div>\n<div>&#8211; weiches Griffgef\u00fchl<\/div>\n","protected":false},"excerpt":{"rendered":"<p>M\u00e4nner T-Shirt, V-Ausschnitt, Single Jersey<\/p>\n","protected":false},"featured_media":0,"comment_status":"open","ping_status":"closed","template":"","meta":[],"_links":{"self":[{"href":"https:\/\/deine-klamotten.de\/start\/wp-json\/wp\/v2\/product\/22199"}],"collection":[{"href":"https:\/\/deine-klamotten.de\/start\/wp-json\/wp\/v2\/product"}],"about":[{"href":"https:\/\/deine-klamotten.de\/start\/wp-json\/wp\/v2\/types\/product"}],"replies":[{"embeddable":true,"href":"https:\/\/deine-klamotten.de\/start\/wp-json\/wp\/v2\/comments?post=22199"}],"wp:attachment":[{"href":"https:\/\/deine-klamotten.de\/start\/wp-json\/wp\/v2\/media?parent=22199"}],"curies":[{"name":"wp","href":"https:\/\/api.w.org\/{rel}","templated":true}]}}