{"id":22348,"date":"2017-08-08T17:42:50","date_gmt":"2017-08-08T15:42:50","guid":{"rendered":"http:\/\/deine-klamotten.de\/?post_type=product&#038;p=22348"},"modified":"2017-09-05T18:57:04","modified_gmt":"2017-09-05T16:57:04","slug":"fun-shirt-onkel-2018-loading","status":"publish","type":"product","link":"https:\/\/deine-klamotten.de\/start\/produkt\/fun-shirt-onkel-2018-loading\/","title":{"rendered":"Herren V-Neck Fun Shirt Onkel 2018 loading&#8230;"},"content":{"rendered":"<h3><b>Es dauert nicht mehr lange &#8211; Dein Neffe\u00a0wird Papa. Du wirst unendlich stolz sein. Bester Onkel, Gl\u00fccksgef\u00fchle. Dein Leben bekommt endlich einen Sinn &#8211; Du wirst Onkel. Onkel 2018 loading&#8230; Cooles M\u00e4nner Fun Shirt in Top Qualit\u00e4t zum super Preis.<\/b><\/h3>\n<div>T-Shirt, V-Ausschnitt, Single Jersey, 100 % Baumwolle, 180 g\/m\u00b2<\/div>\n<div><\/div>\n<div><strong>Schnitt<\/strong><\/div>\n<div>&#8211; komfortable Schnittform<\/div>\n<div><\/div>\n<div><strong>Verarbeitung<\/strong><\/div>\n<div>&#8211; Rippb\u00fcndchen mit Elasthan<\/div>\n<div>&#8211; Nackenband<\/div>\n<div>&#8211; verst\u00e4rkte Schultern\u00e4hte<\/div>\n<div>&#8211; Doppeln\u00e4hte<\/div>\n<div>&#8211; Schlauchware<\/div>\n<div><\/div>\n<div><strong>Eigenschaften<\/strong><\/div>\n<div>&#8211; gek\u00e4mmte Baumwolle<\/div>\n<div>&#8211; strapazierf\u00e4hig<\/div>\n<div>&#8211; formbest\u00e4ndig<\/div>\n<div>&#8211; weiches Griffgef\u00fchl<\/div>\n","protected":false},"excerpt":{"rendered":"<p>M\u00e4nner T-Shirt, V-Ausschnitt, Single Jersey<\/p>\n","protected":false},"featured_media":0,"comment_status":"open","ping_status":"closed","template":"","meta":[],"_links":{"self":[{"href":"https:\/\/deine-klamotten.de\/start\/wp-json\/wp\/v2\/product\/22348"}],"collection":[{"href":"https:\/\/deine-klamotten.de\/start\/wp-json\/wp\/v2\/product"}],"about":[{"href":"https:\/\/deine-klamotten.de\/start\/wp-json\/wp\/v2\/types\/product"}],"replies":[{"embeddable":true,"href":"https:\/\/deine-klamotten.de\/start\/wp-json\/wp\/v2\/comments?post=22348"}],"wp:attachment":[{"href":"https:\/\/deine-klamotten.de\/start\/wp-json\/wp\/v2\/media?parent=22348"}],"curies":[{"name":"wp","href":"https:\/\/api.w.org\/{rel}","templated":true}]}}