{"id":24648,"date":"2017-08-10T13:43:15","date_gmt":"2017-08-10T11:43:15","guid":{"rendered":"http:\/\/deine-klamotten.de\/?post_type=product&#038;p=24648"},"modified":"2017-09-26T12:30:25","modified_gmt":"2017-09-26T10:30:25","slug":"lkw-man-tga-tgx-loewe-lion-bruellender-loewe-aufkleber-set-seite-links-und-rechts","status":"publish","type":"product","link":"https:\/\/deine-klamotten.de\/start\/produkt\/lkw-man-tga-tgx-loewe-lion-bruellender-loewe-aufkleber-set-seite-links-und-rechts\/","title":{"rendered":"LKW MAN TGA TGX L\u00f6we Lion br\u00fcllender L\u00f6we Aufkleber Set Seite links und rechts"},"content":{"rendered":"<p class=\"x_p1\"><span class=\"x_s1\">lkwlDU WILLST ETWAS BESONDERES F\u00dcR DEIN FAHRZEUG, ETWAS EINZIGARTIGES, DANN NUTZE AUCH DU DIE VORTEILE UNSERER TATTOOS UND DEKORE!<span class=\"x_Apple-converted-space\">\u00a0<\/span><\/span><\/p>\n<h2>LKW MAN TGA TGX L\u00f6we Lion br\u00fcllender L\u00f6we Aufkleber Set Seite links und rechts<\/h2>\n<p class=\"x_p3\"><span class=\"x_s3\">Selbstklebend Leicht anzubringen R\u00fcckstandsfrei entfernbar<\/span><\/p>\n<p>Ma\u00dfe: 180 x 90 cm<\/p>\n<p class=\"x_p3\"><span class=\"x_s2\">\u2022Zur Au\u00dfendekoration an Lackfl\u00e4chen und Glasfl\u00e4chen.<\/span><\/p>\n<p class=\"x_p3\"><span class=\"x_s2\">\u2022Bei unseren Materialien handelt es sich um hauchd\u00fcnne Vinyl-Qualit\u00e4tsfolien, w\u00e4hlbar in bis zu\u00a019 Farben, Oberfl\u00e4che in gl\u00e4nzend\u00a0sowie schwarz und wei\u00df matt.<\/span><\/p>\n<p class=\"x_p3\"><span class=\"x_s2\">\u2022Handarbeit Made in Germany.<\/span><\/p>\n<p class=\"x_p3\"><span class=\"x_s2\">\u2022Der Untergrund muss frei von Fett, Schmutz, Teer, Politur, Silikon und Staub sein.<\/span><\/p>\n<p class=\"x_p3\"><span class=\"x_s2\">\u2022Bei neu lackierten Teilen muss der Lack mindestens 30 Tage endgetrocknet sein.<\/span><\/p>\n<p class=\"x_p3\"><span class=\"x_s2\">\u2022Selbstklebende Produkte nicht l\u00e4nger als 21 Tage nach Erhalt lagern.<\/span><\/p>\n<p class=\"x_p1\"><span class=\"x_s1\">Du hast die richtige Gr\u00f6\u00dfe nicht gefunden?<\/span><\/p>\n<p class=\"x_p3\"><span class=\"x_s2\">Kein Problem!<\/span><\/p>\n<p><span class=\"x_s2\">Schreibe uns Deine Wunschgr\u00f6\u00dfe unter Angabe der Artikel \u00dcberschrift einfach per Mail!<span class=\"x_Apple-converted-space\">\u00a0<\/span><\/span><\/p>\n<p><a href=\"mailto:info@deine-klamotten.de\">info@deine-klamotten.de<\/a><\/p>\n","protected":false},"excerpt":{"rendered":"<p><span class=\"x_s2\">LKW\u00a0L\u00f6wen Aufkleber\u00a0&#8211; Zur Au\u00dfendekoration an Lackfl\u00e4chen und Glasfl\u00e4chen.<\/span><\/p>\n<p>1 Satz links und rechts 180 x 97 cm<\/p>\n<p>19\u00a0Farben<\/p>\n<p>Oberfl\u00e4che seidenmatt oder gl\u00e4nzend<\/p>\n<p>&nbsp;<\/p>\n","protected":false},"featured_media":0,"comment_status":"open","ping_status":"closed","template":"","meta":[],"_links":{"self":[{"href":"https:\/\/deine-klamotten.de\/start\/wp-json\/wp\/v2\/product\/24648"}],"collection":[{"href":"https:\/\/deine-klamotten.de\/start\/wp-json\/wp\/v2\/product"}],"about":[{"href":"https:\/\/deine-klamotten.de\/start\/wp-json\/wp\/v2\/types\/product"}],"replies":[{"embeddable":true,"href":"https:\/\/deine-klamotten.de\/start\/wp-json\/wp\/v2\/comments?post=24648"}],"wp:attachment":[{"href":"https:\/\/deine-klamotten.de\/start\/wp-json\/wp\/v2\/media?parent=24648"}],"curies":[{"name":"wp","href":"https:\/\/api.w.org\/{rel}","templated":true}]}}