{"id":27379,"date":"2017-08-12T10:08:27","date_gmt":"2017-08-12T08:08:27","guid":{"rendered":"http:\/\/deine-klamotten.de\/?post_type=product&#038;p=27379"},"modified":"2017-09-05T18:08:43","modified_gmt":"2017-09-05T16:08:43","slug":"basecap-schrauber-werkzeug","status":"publish","type":"product","link":"https:\/\/deine-klamotten.de\/start\/produkt\/basecap-schrauber-werkzeug\/","title":{"rendered":"Basecap Schrauber Werkzeug"},"content":{"rendered":"<h3><strong>Die Basecap f\u00fcr jeden Ami-Schlitten Fahrer, K\u00e4fer-Freund, Oldtimer-Freak und alle Schrauber, die regelm\u00e4\u00dfig mit Werkzeug unter ihrer Karre liegen.<\/strong><\/h3>\n<p>5 Panel Cap aus 100% Polyester.<\/p>\n<p>Schirm vorgekr\u00fcmmt<\/p>\n<p>Mesh hinten und seitlich<\/p>\n<p>frontverst\u00e4rkt<\/p>\n<p>Universalgr\u00f6\u00dfe<\/p>\n<p>vertellbar<\/p>\n","protected":false},"excerpt":{"rendered":"<p>Basecap, Universalgr\u00f6\u00dfe<\/p>\n","protected":false},"featured_media":0,"comment_status":"open","ping_status":"closed","template":"","meta":[],"_links":{"self":[{"href":"https:\/\/deine-klamotten.de\/start\/wp-json\/wp\/v2\/product\/27379"}],"collection":[{"href":"https:\/\/deine-klamotten.de\/start\/wp-json\/wp\/v2\/product"}],"about":[{"href":"https:\/\/deine-klamotten.de\/start\/wp-json\/wp\/v2\/types\/product"}],"replies":[{"embeddable":true,"href":"https:\/\/deine-klamotten.de\/start\/wp-json\/wp\/v2\/comments?post=27379"}],"wp:attachment":[{"href":"https:\/\/deine-klamotten.de\/start\/wp-json\/wp\/v2\/media?parent=27379"}],"curies":[{"name":"wp","href":"https:\/\/api.w.org\/{rel}","templated":true}]}}