{"id":27740,"date":"2017-08-15T15:54:37","date_gmt":"2017-08-15T13:54:37","guid":{"rendered":"http:\/\/deine-klamotten.de\/?post_type=product&#038;p=27740"},"modified":"2017-08-18T09:20:17","modified_gmt":"2017-08-18T07:20:17","slug":"kfz-tattoo-totenkopfreihe-set-skull-4-koepfe-fuer-fahrzeugseite","status":"publish","type":"product","link":"https:\/\/deine-klamotten.de\/start\/produkt\/kfz-tattoo-totenkopfreihe-set-skull-4-koepfe-fuer-fahrzeugseite\/","title":{"rendered":"KFZ-Tattoo Totenkopfreihe Set Skull 4 K\u00f6pfe f\u00fcr Fahrzeugseite 120cm x 34cm"},"content":{"rendered":"<h4 class=\"x_p1\"><span class=\"x_s1\">DU WILLST ETWAS BESONDERES F\u00dcR DEIN FAHRZEUG, ETWAS EINZIGARTIGES, DANN NUTZE AUCH DU DIE VORTEILE UNSERER TATTOOS UND DEKORE!<span class=\"x_Apple-converted-space\">\u00a0<\/span><\/span><\/h4>\n<p class=\"x_p3\"><span class=\"x_s3\">Selbstklebend Leicht anzubringen R\u00fcckstandsfrei entfernbar<\/span><\/p>\n<p>&nbsp;<\/p>\n<p class=\"x_p3\"><span class=\"x_s2\">\u2022Zur Au\u00dfendekoration an Lackfl\u00e4chen und Glasfl\u00e4chen<\/span><\/p>\n<p><span class=\"x_s2\">\u2022 Set Aufkleber f\u00fcr links und rechts (d<\/span><span class=\"x_s2\">ie\u00a0Ma\u00dfe eines Aufklebers betragen\u00a0120 x\u00a034 cm)<\/span><\/p>\n<p class=\"x_p3\"><span class=\"x_s2\">\u2022Bei unseren Materialien handelt es sich um hauchd\u00fcnne Vinyl-Qualit\u00e4tsfolien, w\u00e4hlbar in bis zu\u00a019 Farben, Oberfl\u00e4che in gl\u00e4nzend\u00a0sowie schwarz und wei\u00df matt.<\/span><\/p>\n<p class=\"x_p3\"><span class=\"x_s2\">\u2022Handarbeit Made in Germany.<\/span><\/p>\n<p class=\"x_p3\"><span class=\"x_s2\">\u2022Der Untergrund muss frei von Fett, Schmutz, Teer, Politur, Silikon und Staub sein.<\/span><\/p>\n<p class=\"x_p3\"><span class=\"x_s2\">\u2022Bei neu lackierten Teilen muss der Lack mindestens 30 Tage endgetrocknet sein.<\/span><\/p>\n<p class=\"x_p3\"><span class=\"x_s2\">\u2022Selbstklebende Produkte nicht l\u00e4nger als 21 Tage nach Erhalt lagern.<\/span><\/p>\n<p class=\"x_p1\"><span class=\"x_s1\">Du hast die richtige Gr\u00f6\u00dfe nicht gefunden?<\/span><\/p>\n<p class=\"x_p3\"><span class=\"x_s2\">Kein Problem!<\/span><\/p>\n<p><span class=\"x_s2\">Schreibe uns Deine Wunschgr\u00f6\u00dfe unter Angabe der Artikel \u00dcberschrift einfach per Mail!<span class=\"x_Apple-converted-space\">\u00a0<\/span><\/span><\/p>\n<p><a href=\"mailto:info@deine-klamotten.de\">info@deine-klamotten.de<\/a><\/p>\n","protected":false},"excerpt":{"rendered":"<p><span class=\"x_s2\">KFZ-Tattoo Totenkopfreihe Set\u00a0Skull 4 K\u00f6pfe f\u00fcr Fahrzeugseite &#8211; Zur Au\u00dfendekoration an Lackfl\u00e4chen und Glasfl\u00e4chen.<\/span><\/p>\n<p>2\u00a0St\u00fcck a 120 x\u00a034 cm<\/p>\n<p>19\u00a0Farben<\/p>\n<p>Oberfl\u00e4che\u00a0gl\u00e4nzend, sowie schwarz- und wei\u00df matt<\/p>\n<p>&nbsp;<\/p>\n","protected":false},"featured_media":0,"comment_status":"open","ping_status":"closed","template":"","meta":[],"_links":{"self":[{"href":"https:\/\/deine-klamotten.de\/start\/wp-json\/wp\/v2\/product\/27740"}],"collection":[{"href":"https:\/\/deine-klamotten.de\/start\/wp-json\/wp\/v2\/product"}],"about":[{"href":"https:\/\/deine-klamotten.de\/start\/wp-json\/wp\/v2\/types\/product"}],"replies":[{"embeddable":true,"href":"https:\/\/deine-klamotten.de\/start\/wp-json\/wp\/v2\/comments?post=27740"}],"wp:attachment":[{"href":"https:\/\/deine-klamotten.de\/start\/wp-json\/wp\/v2\/media?parent=27740"}],"curies":[{"name":"wp","href":"https:\/\/api.w.org\/{rel}","templated":true}]}}