{"id":31782,"date":"2017-08-17T21:03:03","date_gmt":"2017-08-17T19:03:03","guid":{"rendered":"http:\/\/deine-klamotten.de\/?post_type=product&#038;p=31782"},"modified":"2017-09-30T11:27:08","modified_gmt":"2017-09-30T09:27:08","slug":"tasse-ich-bin-hanseat-moin","status":"publish","type":"product","link":"https:\/\/deine-klamotten.de\/start\/produkt\/tasse-ich-bin-hanseat-moin\/","title":{"rendered":"Tasse Ich bin Hanseat Moin"},"content":{"rendered":"<h3><strong>Moin, so gr\u00fc\u00dft man bei uns im Norden. Der Anker als Symbol f\u00fcr unsere Bodenst\u00e4ndigkeit, unseren Stolz und unsere Werte. Den Geruch des Meeres immer in der Nase. <\/strong><\/h3>\n<h3><strong>Diese Tasse ist ein klares Statement: Ich bin Norddeutscher. <\/strong><\/h3>\n<p>Weisse Tasse Bedruckt 280 ml Keramik<\/p>\n","protected":false},"excerpt":{"rendered":"<p>Weisse Tasse Bedruckt 280 ml Keramik &#8211; Kurzbeschreibung<\/p>\n","protected":false},"featured_media":0,"comment_status":"open","ping_status":"closed","template":"","meta":[],"_links":{"self":[{"href":"https:\/\/deine-klamotten.de\/start\/wp-json\/wp\/v2\/product\/31782"}],"collection":[{"href":"https:\/\/deine-klamotten.de\/start\/wp-json\/wp\/v2\/product"}],"about":[{"href":"https:\/\/deine-klamotten.de\/start\/wp-json\/wp\/v2\/types\/product"}],"replies":[{"embeddable":true,"href":"https:\/\/deine-klamotten.de\/start\/wp-json\/wp\/v2\/comments?post=31782"}],"wp:attachment":[{"href":"https:\/\/deine-klamotten.de\/start\/wp-json\/wp\/v2\/media?parent=31782"}],"curies":[{"name":"wp","href":"https:\/\/api.w.org\/{rel}","templated":true}]}}