{"id":31896,"date":"2017-08-18T15:31:14","date_gmt":"2017-08-18T13:31:14","guid":{"rendered":"http:\/\/deine-klamotten.de\/?post_type=product&#038;p=31896"},"modified":"2017-08-18T16:37:33","modified_gmt":"2017-08-18T14:37:33","slug":"kfz-tattoo-skullreihe-fuer-fahrzeugdach-totenkopf-aufkleber","status":"publish","type":"product","link":"https:\/\/deine-klamotten.de\/start\/produkt\/kfz-tattoo-skullreihe-fuer-fahrzeugdach-totenkopf-aufkleber\/","title":{"rendered":"KFZ-Tattoo Skullreihe f\u00fcr Fahrzeugdach Totenkopf Aufkleber 200cm x 40cm"},"content":{"rendered":"<h3>KFZ-Tattoo Skullreihe f\u00fcr Fahrzeugdach Totenkopf Aufkleber<\/h3>\n<p class=\"x_p1\"><span class=\"x_s1\">DU WILLST ETWAS BESONDERES F\u00dcR DEIN FAHRZEUG, ETWAS EINZIGARTIGES, DANN NUTZE AUCH DU DIE VORTEILE UNSERER TATTOOS UND DEKORE!<\/span><\/p>\n<p class=\"x_p3\"><span class=\"x_s3\">Selbstklebend Leicht anzubringen R\u00fcckstandsfrei entfernbar<\/span><\/p>\n<p>&nbsp;<\/p>\n<p class=\"x_p3\"><span class=\"x_s2\">\u2022Zur Au\u00dfendekoration an Lackfl\u00e4chen und Glasfl\u00e4chen<\/span><\/p>\n<p><span class=\"x_s2\">\u2022 Set Aufkleber f\u00fcr links und rechts (d<\/span><span class=\"x_s2\">ie\u00a0Ma\u00dfe eines Aufklebers betragen 200 x 40 cm)<\/span><\/p>\n<p class=\"x_p3\"><span class=\"x_s2\">\u2022Bei unseren Materialien handelt es sich um hauchd\u00fcnne Vinyl-Qualit\u00e4tsfolien, w\u00e4hlbar in bis zu\u00a019 Farben, Oberfl\u00e4che in gl\u00e4nzend\u00a0sowie schwarz und wei\u00df matt.<\/span><\/p>\n<p class=\"x_p3\"><span class=\"x_s2\">\u2022Handarbeit Made in Germany.<\/span><\/p>\n<p class=\"x_p3\"><span class=\"x_s2\">\u2022Der Untergrund muss frei von Fett, Schmutz, Teer, Politur, Silikon und Staub sein.<\/span><\/p>\n<p class=\"x_p3\"><span class=\"x_s2\">\u2022Bei neu lackierten Teilen muss der Lack mindestens 30 Tage endgetrocknet sein.<\/span><\/p>\n<p class=\"x_p3\"><span class=\"x_s2\">\u2022Selbstklebende Produkte nicht l\u00e4nger als 21 Tage nach Erhalt lagern.<\/span><\/p>\n<p class=\"x_p1\"><span class=\"x_s1\">Du hast die richtige Gr\u00f6\u00dfe nicht gefunden?<\/span><\/p>\n<p class=\"x_p3\"><span class=\"x_s2\">Kein Problem!<\/span><\/p>\n<p><span class=\"x_s2\">Schreibe uns Deine Wunschgr\u00f6\u00dfe unter Angabe der Artikel \u00dcberschrift einfach per Mail!<span class=\"x_Apple-converted-space\">\u00a0<\/span><\/span><\/p>\n<p><a href=\"mailto:info@deine-klamotten.de\">info@deine-klamotten.de<\/a><\/p>\n","protected":false},"excerpt":{"rendered":"<p><span class=\"x_s2\">KFZ-Tattoo Skullreihe f\u00fcr Fahrzeugdach Totenkopf Aufkleber &#8211; Zur Au\u00dfendekoration an Lackfl\u00e4chen und Glasfl\u00e4chen.<\/span><\/p>\n<p>1\u00a0St\u00fcck a\u00a0200 x 40 cm<\/p>\n<p>19\u00a0Farben<\/p>\n<p>Oberfl\u00e4che gl\u00e4nzend, sowie schwarz- und wei\u00df matt<\/p>\n<p>&nbsp;<\/p>\n","protected":false},"featured_media":0,"comment_status":"open","ping_status":"closed","template":"","meta":[],"_links":{"self":[{"href":"https:\/\/deine-klamotten.de\/start\/wp-json\/wp\/v2\/product\/31896"}],"collection":[{"href":"https:\/\/deine-klamotten.de\/start\/wp-json\/wp\/v2\/product"}],"about":[{"href":"https:\/\/deine-klamotten.de\/start\/wp-json\/wp\/v2\/types\/product"}],"replies":[{"embeddable":true,"href":"https:\/\/deine-klamotten.de\/start\/wp-json\/wp\/v2\/comments?post=31896"}],"wp:attachment":[{"href":"https:\/\/deine-klamotten.de\/start\/wp-json\/wp\/v2\/media?parent=31896"}],"curies":[{"name":"wp","href":"https:\/\/api.w.org\/{rel}","templated":true}]}}