{"id":32667,"date":"2017-08-22T20:56:50","date_gmt":"2017-08-22T18:56:50","guid":{"rendered":"http:\/\/deine-klamotten.de\/?post_type=product&#038;p=32667"},"modified":"2017-10-10T21:22:38","modified_gmt":"2017-10-10T19:22:38","slug":"fun-shirt-junggesellinnenabschied-erst-zahlen-dann-ausschneiden","status":"publish","type":"product","link":"https:\/\/deine-klamotten.de\/start\/produkt\/fun-shirt-junggesellinnenabschied-erst-zahlen-dann-ausschneiden\/","title":{"rendered":"Damen Fun Shirt Junggesellinnenabschied Erst zahlen, dann ausschneiden!"},"content":{"rendered":"<h3 dir=\"LTR\" align=\"LEFT\"><strong>Super sch\u00f6nes Fun Shirt f\u00fcr den Junggesellenabschied f\u00fcr den Junggesellinnenabschied. Erst zahlen, dann ausschneiden!<\/strong><\/h3>\n<h3 dir=\"LTR\" align=\"LEFT\">Dank diesem tollen T-Shirt muss die Braut an ihrem letzten Abend in Freiheit keine Feuerzeuge oder Kondome mehr verkaufen. Mann muss zahlen und darf dann ein Herz ausschneiden. Je gr\u00f6\u00dfer das Herz desto h\u00f6her der Wert. So kommt Geld in die Partykasse.<\/h3>\n<h3 dir=\"LTR\" align=\"LEFT\">Damit wird die Braut mit ihren Brautjungfern und ihren Freundinnen viel Spa\u00df auf dem JGA haben.<\/h3>\n<div>T-Shirt, leicht tailliert, Single Jersey, 100 % Baumwolle, 180 g\/m\u00b2<\/div>\n<div><\/div>\n<div><strong>Schnitt<\/strong><\/div>\n<div>&#8211; komfortable Schnittform<\/div>\n<div>&#8211; leicht tailliert<\/div>\n<div>&#8211; optimierte L\u00e4nge<\/div>\n<div><\/div>\n<div><strong>Verarbeitung<\/strong><\/div>\n<div>&#8211; Rippb\u00fcndchen mit Elasthan<\/div>\n<div>&#8211; Nackenband<\/div>\n<div>&#8211; verst\u00e4rkte Schultern\u00e4hte<\/div>\n<div>&#8211; Doppeln\u00e4hte<\/div>\n<div>&#8211; Seitenn\u00e4hte<\/div>\n<div><\/div>\n<div><strong>Eigenschaften<\/strong><\/div>\n<div>&#8211; gek\u00e4mmte Baumwolle<\/div>\n<div>&#8211; strapazierf\u00e4hig<\/div>\n<div>&#8211; formbest\u00e4ndig<\/div>\n<div>&#8211; weiches Griffgef\u00fchl<\/div>\n<div><\/div>\n","protected":false},"excerpt":{"rendered":"<p>Damen T-Shirt, leicht tailliert, Single Jersey<\/p>\n","protected":false},"featured_media":0,"comment_status":"open","ping_status":"closed","template":"","meta":[],"_links":{"self":[{"href":"https:\/\/deine-klamotten.de\/start\/wp-json\/wp\/v2\/product\/32667"}],"collection":[{"href":"https:\/\/deine-klamotten.de\/start\/wp-json\/wp\/v2\/product"}],"about":[{"href":"https:\/\/deine-klamotten.de\/start\/wp-json\/wp\/v2\/types\/product"}],"replies":[{"embeddable":true,"href":"https:\/\/deine-klamotten.de\/start\/wp-json\/wp\/v2\/comments?post=32667"}],"wp:attachment":[{"href":"https:\/\/deine-klamotten.de\/start\/wp-json\/wp\/v2\/media?parent=32667"}],"curies":[{"name":"wp","href":"https:\/\/api.w.org\/{rel}","templated":true}]}}