{"id":33847,"date":"2017-08-24T08:34:06","date_gmt":"2017-08-24T06:34:06","guid":{"rendered":"http:\/\/deine-klamotten.de\/?post_type=product&#038;p=33847"},"modified":"2017-08-24T18:28:19","modified_gmt":"2017-08-24T16:28:19","slug":"kfz-tattoo-hund-mit-namen-schaeferhund","status":"publish","type":"product","link":"https:\/\/deine-klamotten.de\/start\/produkt\/kfz-tattoo-hund-mit-namen-schaeferhund\/","title":{"rendered":"KFZ-Tattoo Hund mit Namen Sch\u00e4ferhund 20cm x 26cm"},"content":{"rendered":"<h3 class=\"x_p1\"><span class=\"x_s1\">DU WILLST ETWAS BESONDERES, <\/span><span class=\"x_s1\">EINZIGARTIGES<\/span><span class=\"x_s1\">\u00a0F\u00dcR DEIN FAHRZEUG, DANN NUTZE AUCH DU DIE VORTEILE UNSERER TATTOOS UND DEKORE!<span class=\"x_Apple-converted-space\">\u00a0<\/span><\/span><\/h3>\n<p><em><strong><span style=\"color: red;\">Bitte senden Sie uns direkt nach der Bestellung eine Email mit dem Namen der unter dem Hund stehen soll.<\/span><\/strong><\/em><\/p>\n<p class=\"x_p3\"><span class=\"x_s3\">\u2611\ufe0fSelbstklebend \u2611\ufe0fLeicht anzubringen \u2611\ufe0fR\u00fcckstandsfrei entfernbar<\/span><\/p>\n<p class=\"x_p3\"><span class=\"x_s2\">\u2022Zur Au\u00dfendekoration an Lackfl\u00e4chen und Glasfl\u00e4chen.<\/span><\/p>\n<p><span class=\"x_s2\">\u2022Ma\u00dfe des Aufklebers 20 x 26 cm<\/span><\/p>\n<p><span class=\"x_s2\">\u2022Bei unseren Materialien handelt es sich um hauchd\u00fcnne Vinyl-Qualit\u00e4tsfolien, w\u00e4hlbar in bis zu 19 Farben, Oberfl\u00e4che in gl\u00e4nzend, sowie schwarz- und wei\u00df matt.<\/span><\/p>\n<p class=\"x_p3\"><span class=\"x_s2\">\u2022Handarbeit Made in Germany.<\/span><\/p>\n<p class=\"x_p3\"><span class=\"x_s2\">\u2022Der Untergrund muss frei von Fett, Schmutz, Teer, Politur, Silikon und Staub sein.<\/span><\/p>\n<p class=\"x_p3\"><span class=\"x_s2\">\u2022Bei neu lackierten Teilen muss der Lack mindestens 30 Tage endgetrocknet sein.<\/span><\/p>\n<p class=\"x_p3\"><span class=\"x_s2\">\u2022Selbstklebende Produkte nicht l\u00e4nger als 21 Tage nach Erhalt lagern.<\/span><\/p>\n<p class=\"x_p1\"><span class=\"x_s1\">Du hast die richtige Gr\u00f6\u00dfe nicht gefunden?<\/span><\/p>\n<p class=\"x_p3\"><span class=\"x_s2\">Kein Problem!<\/span><\/p>\n<p><span class=\"x_s2\">Schreibe uns Deine Wunschgr\u00f6\u00dfe unter Angabe der Artikel \u00dcberschrift einfach per Mail!<span class=\"x_Apple-converted-space\">\u00a0<\/span><\/span><\/p>\n<p><a href=\"mailto:info@deine-klamotten.de\">info@deine-klamotten.de<\/a><\/p>\n","protected":false},"excerpt":{"rendered":"<p><span class=\"x_s2\">KFZ Tattoo &#8211; Zur Au\u00dfendekoration an Lackfl\u00e4chen und Glasfl\u00e4chen.<\/span><\/p>\n<p><span class=\"x_s2\">Ma\u00dfe des Aufklebers 20 x 26 cm<\/span><\/p>\n<p>19\u00a0Farben<\/p>\n<p>Oberfl\u00e4che gl\u00e4nzend, sowie schwarz- und wei\u00df matt<\/p>\n","protected":false},"featured_media":0,"comment_status":"open","ping_status":"closed","template":"","meta":[],"_links":{"self":[{"href":"https:\/\/deine-klamotten.de\/start\/wp-json\/wp\/v2\/product\/33847"}],"collection":[{"href":"https:\/\/deine-klamotten.de\/start\/wp-json\/wp\/v2\/product"}],"about":[{"href":"https:\/\/deine-klamotten.de\/start\/wp-json\/wp\/v2\/types\/product"}],"replies":[{"embeddable":true,"href":"https:\/\/deine-klamotten.de\/start\/wp-json\/wp\/v2\/comments?post=33847"}],"wp:attachment":[{"href":"https:\/\/deine-klamotten.de\/start\/wp-json\/wp\/v2\/media?parent=33847"}],"curies":[{"name":"wp","href":"https:\/\/api.w.org\/{rel}","templated":true}]}}