{"id":38115,"date":"2018-04-14T15:56:00","date_gmt":"2018-04-14T13:56:00","guid":{"rendered":"http:\/\/deine-klamotten.de\/?post_type=product&#038;p=38115"},"modified":"2018-12-05T21:23:45","modified_gmt":"2018-12-05T20:23:45","slug":"fun-hoodie-bei-uns-sagt-man-moin-anker-heimatliebe","status":"publish","type":"product","link":"https:\/\/deine-klamotten.de\/start\/produkt\/fun-hoodie-bei-uns-sagt-man-moin-anker-heimatliebe\/","title":{"rendered":"Damen Fun Hoodie Bei uns sagt man Moin (Anker Heimatliebe)"},"content":{"rendered":"<h3><strong>Damen Fun Hoodie Bei uns sagt man Moin (Anker Heimatliebe)<\/strong><\/h3>\n<h3><strong>So gr\u00fc\u00dft man bei uns im Norden. Moin Moin ist schon Gesabbel. Eine echte Norddeutsche tr\u00e4gt diesen wundersch\u00f6nen Fun Hoodie mit Stolz. Fun Hoodie Bei uns sagt man Moin Anker Heimatliebe.<\/strong><\/h3>\n<p>&#8211; Sweatshirt<br \/>\n&#8211; K\u00e4ngurutasche<br \/>\n&#8211; Doppelkapuze<br \/>\n&#8211; Elasthanb\u00fcndchen an Arm und Saum<br \/>\n&#8211; Mischgewebe mit 80 % Baumwolle &#8211;\u00a020 % Polyester<br \/>\n&#8211; Molton brushed<br \/>\n&#8211; 280 g\/m<\/p>\n<div>\n<p>&#8211;\u00a0femininer Schnitt<br \/>\n&#8211; leicht tailliert<\/p>\n<p>&#8211; 3-f\u00e4dige Sweatware<br \/>\n&#8211; angeraute Innenseite<br \/>\n&#8211; Set-in-\u00c4rmel<br \/>\n&#8211; Elasthanb\u00fcndchen an Arm und Saum<br \/>\n&#8211; verst\u00e4rkte Schultern\u00e4hte<br \/>\n&#8211; Doppeln\u00e4hte<\/p>\n<p>&#8211; gek\u00e4mmte Baumwolle<br \/>\n&#8211; gute thermophysiologische Eigenschaften<br \/>\n&#8211; feine Oberfl\u00e4che<\/p>\n<\/div>\n","protected":false},"excerpt":{"rendered":"<p>Damen Hoodie, Kapuze, K\u00e4ngurutasche, figurbetont, Baumwolle\/Polyester Mischgewebe (20\/80)<\/p>\n","protected":false},"featured_media":0,"comment_status":"open","ping_status":"closed","template":"","meta":[],"_links":{"self":[{"href":"https:\/\/deine-klamotten.de\/start\/wp-json\/wp\/v2\/product\/38115"}],"collection":[{"href":"https:\/\/deine-klamotten.de\/start\/wp-json\/wp\/v2\/product"}],"about":[{"href":"https:\/\/deine-klamotten.de\/start\/wp-json\/wp\/v2\/types\/product"}],"replies":[{"embeddable":true,"href":"https:\/\/deine-klamotten.de\/start\/wp-json\/wp\/v2\/comments?post=38115"}],"wp:attachment":[{"href":"https:\/\/deine-klamotten.de\/start\/wp-json\/wp\/v2\/media?parent=38115"}],"curies":[{"name":"wp","href":"https:\/\/api.w.org\/{rel}","templated":true}]}}