{"id":39697,"date":"2017-10-14T10:57:26","date_gmt":"2017-10-14T08:57:26","guid":{"rendered":"http:\/\/deine-klamotten.de\/?post_type=product&#038;p=39697"},"modified":"2017-10-14T11:01:48","modified_gmt":"2017-10-14T09:01:48","slug":"baby-fun-strampler-meine-tante-ist-viel-huebscher-als-deine","status":"publish","type":"product","link":"https:\/\/deine-klamotten.de\/start\/produkt\/baby-fun-strampler-meine-tante-ist-viel-huebscher-als-deine\/","title":{"rendered":"Baby Fun Strampler Meine Tante ist viel h\u00fcbscher als deine!"},"content":{"rendered":"<h3><strong>Baby Fun Strampler Meine Tante ist viel h\u00fcbscher als deine!<\/strong><\/h3>\n<h3><strong>S\u00fc\u00dfer Baby Strampler in Bio Baumwolle zum super Preis<\/strong><\/h3>\n<div>Baby Stampler, \u00fcberlappende Schulterpartie f\u00fcr besonders leichtes An- und Ausziehen, Druckkn\u00f6pfe im Schritt, Rib, zertifizierte (Bio-) Baumwolle, 100% Baumwolle, 200g\/m\u00b2<\/div>\n<div><\/div>\n<div><strong>Verarbeitung<\/strong><\/div>\n<div>&#8211; \u00fcberlappende Schulterpartie f\u00fcr besonders leichtes An- und Ausziehen<\/div>\n<div>&#8211; Druckkn\u00f6pfe im Schritt<\/div>\n<div>&#8211; Doppeln\u00e4hte<\/div>\n<div>&#8211; Seitenn\u00e4hte<\/div>\n<div><\/div>\n<div><strong>Eigenschaften<\/strong><\/div>\n<div>&#8211; gek\u00e4mmte Baumwolle<\/div>\n<div>&#8211; strapazierf\u00e4hig<\/div>\n<div>&#8211; formbest\u00e4ndig<\/div>\n<div>&#8211; hohe Elastizit\u00e4t<\/div>\n<div>&#8211; weiches Griffgef\u00fchl<\/div>\n<div>&#8211; zertifizierte (Bio-) Baumwolle<\/div>\n","protected":false},"excerpt":{"rendered":"<p>Baby Strampler, Rib, zertifizierte (Bio-) Baumwolle<\/p>\n","protected":false},"featured_media":0,"comment_status":"open","ping_status":"closed","template":"","meta":[],"_links":{"self":[{"href":"https:\/\/deine-klamotten.de\/start\/wp-json\/wp\/v2\/product\/39697"}],"collection":[{"href":"https:\/\/deine-klamotten.de\/start\/wp-json\/wp\/v2\/product"}],"about":[{"href":"https:\/\/deine-klamotten.de\/start\/wp-json\/wp\/v2\/types\/product"}],"replies":[{"embeddable":true,"href":"https:\/\/deine-klamotten.de\/start\/wp-json\/wp\/v2\/comments?post=39697"}],"wp:attachment":[{"href":"https:\/\/deine-klamotten.de\/start\/wp-json\/wp\/v2\/media?parent=39697"}],"curies":[{"name":"wp","href":"https:\/\/api.w.org\/{rel}","templated":true}]}}