{"id":40478,"date":"2017-10-21T14:28:16","date_gmt":"2017-10-21T12:28:16","guid":{"rendered":"http:\/\/deine-klamotten.de\/?post_type=product&#038;p=40478"},"modified":"2017-11-02T17:52:13","modified_gmt":"2017-11-02T16:52:13","slug":"fun-shirt-moin-norddeutsch-heimat-4","status":"publish","type":"product","link":"https:\/\/deine-klamotten.de\/start\/produkt\/fun-shirt-moin-norddeutsch-heimat-4\/","title":{"rendered":"Herren V-Neck Fun Shirt Moin Norddeutsch Heimat 4"},"content":{"rendered":"<h3><strong>Sch\u00f6nes\u00a0Fun Shirt Moin Norddeutsch Heimat 4<br \/>\n<\/strong><\/h3>\n<h3><strong>So gr\u00fc\u00dft man bei uns im Norden. Moin Moin ist schon Gesabbel. Ein echter Norddeutscher tr\u00e4gt dieses wundersch\u00f6ne Fun T Shirt mit Stolz<\/strong><\/h3>\n<h3><strong>Dieses Shirt ist ein klares Statement: Ich bin Norddeutscher<\/strong><\/h3>\n<h3><strong>Sch\u00f6nes\u00a0Fun Shirt Moin Norddeutsch Heimat<\/strong><\/h3>\n<h3><strong>Cooles M\u00e4nner Fun T-Shirt in Top Qualit\u00e4t zum super Preis<\/strong><\/h3>\n<div>T-Shirt, V-Ausschnitt, Single Jersey, 100 % Baumwolle, 180 g\/m\u00b2<\/div>\n<div><\/div>\n<div><strong>Schnitt<\/strong><\/div>\n<div>&#8211; komfortable Schnittform<\/div>\n<div><\/div>\n<div><strong>Verarbeitung<\/strong><\/div>\n<div>&#8211; Rippb\u00fcndchen mit Elasthan<\/div>\n<div>&#8211; Nackenband<\/div>\n<div>&#8211; verst\u00e4rkte Schultern\u00e4hte<\/div>\n<div>&#8211; Doppeln\u00e4hte<\/div>\n<div>&#8211; Schlauchware<\/div>\n<div><\/div>\n<div><strong>Eigenschaften<\/strong><\/div>\n<div>&#8211; gek\u00e4mmte Baumwolle<\/div>\n<div>&#8211; strapazierf\u00e4hig<\/div>\n<div>&#8211; formbest\u00e4ndig<\/div>\n<div>&#8211; weiches Griffgef\u00fchl<\/div>\n","protected":false},"excerpt":{"rendered":"<p>M\u00e4nner T-Shirt, V-Ausschnitt, Single Jersey<\/p>\n","protected":false},"featured_media":0,"comment_status":"open","ping_status":"closed","template":"","meta":[],"_links":{"self":[{"href":"https:\/\/deine-klamotten.de\/start\/wp-json\/wp\/v2\/product\/40478"}],"collection":[{"href":"https:\/\/deine-klamotten.de\/start\/wp-json\/wp\/v2\/product"}],"about":[{"href":"https:\/\/deine-klamotten.de\/start\/wp-json\/wp\/v2\/types\/product"}],"replies":[{"embeddable":true,"href":"https:\/\/deine-klamotten.de\/start\/wp-json\/wp\/v2\/comments?post=40478"}],"wp:attachment":[{"href":"https:\/\/deine-klamotten.de\/start\/wp-json\/wp\/v2\/media?parent=40478"}],"curies":[{"name":"wp","href":"https:\/\/api.w.org\/{rel}","templated":true}]}}