{"id":42381,"date":"2017-10-28T12:04:58","date_gmt":"2017-10-28T10:04:58","guid":{"rendered":"http:\/\/deine-klamotten.de\/?post_type=product&#038;p=42381"},"modified":"2017-10-28T12:12:03","modified_gmt":"2017-10-28T10:12:03","slug":"damen-fun-hoodie-hansestadt-luebeck-norddeutsch","status":"publish","type":"product","link":"https:\/\/deine-klamotten.de\/start\/produkt\/damen-fun-hoodie-hansestadt-luebeck-norddeutsch\/","title":{"rendered":"Damen Fun Hoodie Hansestadt L\u00fcbeck Norddeutsch"},"content":{"rendered":"<h3><strong>Damen Fun Hoodie Hansestadt L\u00fcbeck Norddeutsch<\/strong><\/h3>\n<h3><strong>Du liebst die Hansestadt L\u00fcbeck. Die Trave und die L\u00fcbecker Altstadt. Das Holstentor und die\u00a0St. Jakobikirche\u00a0.\u00a0Dein Herz schl\u00e4gt f\u00fcr L\u00fcbeck und das zeigst Du mit diesem coolen Kapuzenpullover.<\/strong><\/h3>\n<h3><strong> Eine echte Norddeutsche tr\u00e4gt diesen wundersch\u00f6nen Fun Hoodie mit Stolz.<\/strong><\/h3>\n<h3><strong>Damen Fun Hoodie Hansestadt L\u00fcbeck Norddeutsch<\/strong><\/h3>\n<p>&#8211; Sweatshirt<br \/>\n&#8211; K\u00e4ngurutasche<br \/>\n&#8211; Doppelkapuze<br \/>\n&#8211; Elasthanb\u00fcndchen an Arm und Saum<br \/>\n&#8211; Mischgewebe mit 80 % Baumwolle &#8211;\u00a020 % Polyester<br \/>\n&#8211; Molton brushed<br \/>\n&#8211; 280 g\/m<\/p>\n<div>\n<p>&#8211;\u00a0femininer Schnitt<br \/>\n&#8211; leicht tailliert<\/p>\n<p>&#8211; 3-f\u00e4dige Sweatware<br \/>\n&#8211; angeraute Innenseite<br \/>\n&#8211; Set-in-\u00c4rmel<br \/>\n&#8211; Elasthanb\u00fcndchen an Arm und Saum<br \/>\n&#8211; verst\u00e4rkte Schultern\u00e4hte<br \/>\n&#8211; Doppeln\u00e4hte<\/p>\n<p>&#8211; gek\u00e4mmte Baumwolle<br \/>\n&#8211; gute thermophysiologische Eigenschaften<br \/>\n&#8211; feine Oberfl\u00e4che<\/p>\n<\/div>\n","protected":false},"excerpt":{"rendered":"<p>Damen Hoodie, Kapuze, K\u00e4ngurutasche, figurbetont, Baumwolle\/Polyester Mischgewebe (20\/80)<\/p>\n","protected":false},"featured_media":0,"comment_status":"closed","ping_status":"closed","template":"","meta":[],"_links":{"self":[{"href":"https:\/\/deine-klamotten.de\/start\/wp-json\/wp\/v2\/product\/42381"}],"collection":[{"href":"https:\/\/deine-klamotten.de\/start\/wp-json\/wp\/v2\/product"}],"about":[{"href":"https:\/\/deine-klamotten.de\/start\/wp-json\/wp\/v2\/types\/product"}],"replies":[{"embeddable":true,"href":"https:\/\/deine-klamotten.de\/start\/wp-json\/wp\/v2\/comments?post=42381"}],"wp:attachment":[{"href":"https:\/\/deine-klamotten.de\/start\/wp-json\/wp\/v2\/media?parent=42381"}],"curies":[{"name":"wp","href":"https:\/\/api.w.org\/{rel}","templated":true}]}}