{"id":42987,"date":"2017-11-07T18:08:38","date_gmt":"2017-11-07T17:08:38","guid":{"rendered":"http:\/\/deine-klamotten.de\/?post_type=product&#038;p=42987"},"modified":"2017-11-07T18:12:15","modified_gmt":"2017-11-07T17:12:15","slug":"basecap-trucker","status":"publish","type":"product","link":"https:\/\/deine-klamotten.de\/start\/produkt\/basecap-trucker\/","title":{"rendered":"Basecap Trucker"},"content":{"rendered":"<h3><strong>Basecap Trucker<\/strong><\/h3>\n<h3><strong>Cooles Basecap f\u00fcr den Kapit\u00e4n der Landstra\u00dfe<\/strong><\/h3>\n<h3><strong>Basecap Trucker<\/strong><\/h3>\n<p>5 Panel Cap aus 100% Polyester.<\/p>\n<p>Schirm vorgekr\u00fcmmt<\/p>\n<p>Mesh hinten und seitlich<\/p>\n<p>frontverst\u00e4rkt<\/p>\n<p>Universalgr\u00f6\u00dfe<\/p>\n<p>vertellbar<\/p>\n","protected":false},"excerpt":{"rendered":"<p>Basecap, Universalgr\u00f6\u00dfe<\/p>\n","protected":false},"featured_media":0,"comment_status":"open","ping_status":"closed","template":"","meta":[],"_links":{"self":[{"href":"https:\/\/deine-klamotten.de\/start\/wp-json\/wp\/v2\/product\/42987"}],"collection":[{"href":"https:\/\/deine-klamotten.de\/start\/wp-json\/wp\/v2\/product"}],"about":[{"href":"https:\/\/deine-klamotten.de\/start\/wp-json\/wp\/v2\/types\/product"}],"replies":[{"embeddable":true,"href":"https:\/\/deine-klamotten.de\/start\/wp-json\/wp\/v2\/comments?post=42987"}],"wp:attachment":[{"href":"https:\/\/deine-klamotten.de\/start\/wp-json\/wp\/v2\/media?parent=42987"}],"curies":[{"name":"wp","href":"https:\/\/api.w.org\/{rel}","templated":true}]}}