{"id":43314,"date":"2017-11-07T22:14:21","date_gmt":"2017-11-07T21:14:21","guid":{"rendered":"http:\/\/deine-klamotten.de\/?post_type=product&#038;p=43314"},"modified":"2017-11-23T21:01:18","modified_gmt":"2017-11-23T20:01:18","slug":"damen-fun-tanktop-schwarz-ist-bunt-genug","status":"publish","type":"product","link":"https:\/\/deine-klamotten.de\/start\/produkt\/damen-fun-tanktop-schwarz-ist-bunt-genug\/","title":{"rendered":"Damen Fun Tanktop Schwarz ist bunt genug!"},"content":{"rendered":"<h3><b>Damen Fun Tanktop Schwarz ist bunt genug!<\/b><\/h3>\n<h3><strong>Rock \u2019n\u2018 roll, Heavy Metal hier gilt Schwarz ist bunt genug!<\/strong><\/h3>\n<h3><b>Damen Tr\u00e4gershirt in Top Qualit\u00e4t zum super Preis<\/b><\/h3>\n<div>Tr\u00e4gershirt, figurbetont, Single Jersey, neutrales Gr\u00f6\u00dfenetikett,\u00a095 % Baumwolle, 5 % Elasthan, 180 g\/m\u00b2<\/div>\n<div><\/div>\n<div><strong>Schnitt<\/strong><\/div>\n<div>&#8211; figurbetont<\/div>\n<div><\/div>\n<div><strong>Verarbeitung<\/strong><\/div>\n<div>&#8211; neutrales Gr\u00f6\u00dfenetikett<\/div>\n<div>&#8211; Doppeln\u00e4hte<\/div>\n<div>&#8211; Seitenn\u00e4hte<\/div>\n<div><\/div>\n<div><strong>Eigenschaften<\/strong><\/div>\n<div>&#8211; gek\u00e4mmte Baumwolle<\/div>\n<div>&#8211; weiches Griffgef\u00fchl<\/div>\n<div>&#8211; Elasthananteil f\u00fcr besseren Komfort und Tragegef\u00fchl<\/div>\n<div><\/div>\n","protected":false},"excerpt":{"rendered":"<p>Damen Tank Top, Tr\u00e4gershirt, figurbetont, Single Jersey<\/p>\n","protected":false},"featured_media":0,"comment_status":"open","ping_status":"closed","template":"","meta":[],"_links":{"self":[{"href":"https:\/\/deine-klamotten.de\/start\/wp-json\/wp\/v2\/product\/43314"}],"collection":[{"href":"https:\/\/deine-klamotten.de\/start\/wp-json\/wp\/v2\/product"}],"about":[{"href":"https:\/\/deine-klamotten.de\/start\/wp-json\/wp\/v2\/types\/product"}],"replies":[{"embeddable":true,"href":"https:\/\/deine-klamotten.de\/start\/wp-json\/wp\/v2\/comments?post=43314"}],"wp:attachment":[{"href":"https:\/\/deine-klamotten.de\/start\/wp-json\/wp\/v2\/media?parent=43314"}],"curies":[{"name":"wp","href":"https:\/\/api.w.org\/{rel}","templated":true}]}}