{"id":46740,"date":"2017-11-15T20:52:50","date_gmt":"2017-11-15T19:52:50","guid":{"rendered":"http:\/\/deine-klamotten.de\/?post_type=product&#038;p=46740"},"modified":"2017-11-15T20:59:26","modified_gmt":"2017-11-15T19:59:26","slug":"fun-hoodie-willst-du-eine-probefahrt-mit-meinem-moped-will-ich-eine-probefahrt-mit-deiner-freundin","status":"publish","type":"product","link":"https:\/\/deine-klamotten.de\/start\/produkt\/fun-hoodie-willst-du-eine-probefahrt-mit-meinem-moped-will-ich-eine-probefahrt-mit-deiner-freundin\/","title":{"rendered":"Herren Fun Hoodie Willst Du eine Probefahrt mit meinem Moped will ich eine Probefahrt mit Deiner Freundin"},"content":{"rendered":"<h3><strong>Fun Hoodie Willst Du eine Probefahrt mit meinem Moped will ich eine Probefahrt mit Deiner Freundin<\/strong><\/h3>\n<h3><strong>Niemand ber\u00fchrt die Maschine eines Biker. Das gilt nat\u00fcrlich auch f\u00fcr seine Freundin.<\/strong><\/h3>\n<h3><strong>Fun Hoodie Willst Du eine Probefahrt mit meinem Moped will ich eine Probefahrt mit Deiner Freundin<\/strong><\/h3>\n<p>&#8211; K\u00e4ngurutasche<br \/>\n&#8211; Doppelkapuze<br \/>\n&#8211; Elasthanb\u00fcndchen an Arm und Saum<br \/>\n&#8211; Mischgewebe mit 80 % Baumwolle &#8211;\u00a020 % Polyester<br \/>\n&#8211; Molton brushed<br \/>\n&#8211; 280 g\/m<\/p>\n<p>&#8211; komfortable Schnittform<br \/>\n&#8211; angenehmes Tragegef\u00fchl<\/p>\n<div>\n<p>&#8211; 3-f\u00e4dige Sweatware<br \/>\n&#8211; angeraute Innenseite<br \/>\n&#8211; Set-in-\u00c4rmel<br \/>\n&#8211; Elasthanb\u00fcndchen an Arm und Saum<br \/>\n&#8211; verst\u00e4rkte Schultern\u00e4hte<br \/>\n&#8211; Doppeln\u00e4hte<\/p>\n<p>&#8211; gek\u00e4mmte Baumwolle<br \/>\n&#8211; gute thermophysiologische Eigenschaften<br \/>\n&#8211; feine Oberfl\u00e4che<\/p>\n<\/div>\n","protected":false},"excerpt":{"rendered":"<p>Herren Hoodie, Kapuze, K\u00e4ngurutasche, Baumwolle\/Polyester Mischgewebe (20\/80)<\/p>\n","protected":false},"featured_media":0,"comment_status":"open","ping_status":"closed","template":"","meta":[],"_links":{"self":[{"href":"https:\/\/deine-klamotten.de\/start\/wp-json\/wp\/v2\/product\/46740"}],"collection":[{"href":"https:\/\/deine-klamotten.de\/start\/wp-json\/wp\/v2\/product"}],"about":[{"href":"https:\/\/deine-klamotten.de\/start\/wp-json\/wp\/v2\/types\/product"}],"replies":[{"embeddable":true,"href":"https:\/\/deine-klamotten.de\/start\/wp-json\/wp\/v2\/comments?post=46740"}],"wp:attachment":[{"href":"https:\/\/deine-klamotten.de\/start\/wp-json\/wp\/v2\/media?parent=46740"}],"curies":[{"name":"wp","href":"https:\/\/api.w.org\/{rel}","templated":true}]}}