{"id":47013,"date":"2017-11-16T19:17:40","date_gmt":"2017-11-16T18:17:40","guid":{"rendered":"http:\/\/deine-klamotten.de\/?post_type=product&#038;p=47013"},"modified":"2017-11-16T19:29:50","modified_gmt":"2017-11-16T18:29:50","slug":"damen-fun-hoodie-ich-brauche-keine-therapie-ich-muss-nur-nach-norwegen","status":"publish","type":"product","link":"https:\/\/deine-klamotten.de\/start\/produkt\/damen-fun-hoodie-ich-brauche-keine-therapie-ich-muss-nur-nach-norwegen\/","title":{"rendered":"Damen Fun Hoodie Ich brauche keine Therapie, ich muss nur nach Norwegen"},"content":{"rendered":"<h3><strong>Damen<\/strong><strong> Fun Hoodie Ich brauche keine Therapie, ich muss nur nach Norwegen<\/strong><\/h3>\n<h3><strong>Du liebst Bergen und den Geiranger Fjord. Dein Gaumen sehnt sich nach norwegischem Bier und R\u00f8mmegr\u00f8t. Trollstigen und Atlanterhavsveien sind Dir wohl bekannt. Norwegen ist das Land Deiner Tr\u00e4ume. Hier findest Du Ruhe und Gelassenheit. Preikestolen und Nidarosdom. Dieses wunderbare Land heilt alle Wunden.<\/strong><\/h3>\n<h3><strong>Damen Fun Hoodie Ich brauche keine Therapie, ich muss nur nach Norwegen<\/strong><\/h3>\n<p>&#8211; Sweatshirt<br \/>\n&#8211; K\u00e4ngurutasche<br \/>\n&#8211; Doppelkapuze<br \/>\n&#8211; Elasthanb\u00fcndchen an Arm und Saum<br \/>\n&#8211; Mischgewebe mit 80 % Baumwolle &#8211;\u00a020 % Polyester<br \/>\n&#8211; Molton brushed<br \/>\n&#8211; 280 g\/m<\/p>\n<div>\n<p>&#8211;\u00a0femininer Schnitt<br \/>\n&#8211; leicht tailliert<\/p>\n<p>&#8211; 3-f\u00e4dige Sweatware<br \/>\n&#8211; angeraute Innenseite<br \/>\n&#8211; Set-in-\u00c4rmel<br \/>\n&#8211; Elasthanb\u00fcndchen an Arm und Saum<br \/>\n&#8211; verst\u00e4rkte Schultern\u00e4hte<br \/>\n&#8211; Doppeln\u00e4hte<\/p>\n<p>&#8211; gek\u00e4mmte Baumwolle<br \/>\n&#8211; gute thermophysiologische Eigenschaften<br \/>\n&#8211; feine Oberfl\u00e4che<\/p>\n<\/div>\n","protected":false},"excerpt":{"rendered":"<p>Damen Hoodie, Kapuze, K\u00e4ngurutasche, figurbetont, Baumwolle\/Polyester Mischgewebe (20\/80)<\/p>\n","protected":false},"featured_media":0,"comment_status":"open","ping_status":"closed","template":"","meta":[],"_links":{"self":[{"href":"https:\/\/deine-klamotten.de\/start\/wp-json\/wp\/v2\/product\/47013"}],"collection":[{"href":"https:\/\/deine-klamotten.de\/start\/wp-json\/wp\/v2\/product"}],"about":[{"href":"https:\/\/deine-klamotten.de\/start\/wp-json\/wp\/v2\/types\/product"}],"replies":[{"embeddable":true,"href":"https:\/\/deine-klamotten.de\/start\/wp-json\/wp\/v2\/comments?post=47013"}],"wp:attachment":[{"href":"https:\/\/deine-klamotten.de\/start\/wp-json\/wp\/v2\/media?parent=47013"}],"curies":[{"name":"wp","href":"https:\/\/api.w.org\/{rel}","templated":true}]}}