{"id":47145,"date":"2017-11-16T21:49:28","date_gmt":"2017-11-16T20:49:28","guid":{"rendered":"http:\/\/deine-klamotten.de\/?post_type=product&#038;p=47145"},"modified":"2017-11-16T21:53:19","modified_gmt":"2017-11-16T20:53:19","slug":"tasse-ich-brauche-keine-therapie-ich-muss-nur-nach-norwegen","status":"publish","type":"product","link":"https:\/\/deine-klamotten.de\/start\/produkt\/tasse-ich-brauche-keine-therapie-ich-muss-nur-nach-norwegen\/","title":{"rendered":"Tasse Ich brauche keine Therapie, ich muss nur nach Norwegen"},"content":{"rendered":"<h3><strong>Kaffeetasse Ich brauche keine Therapie, ich muss nur nach Norwegen<\/strong><\/h3>\n<h3><strong>Du liebst Bergen und den Geiranger Fjord. Dein Gaumen sehnt sich nach norwegischem Bier und R\u00f8mmegr\u00f8t. Trollstigen und Atlanterhavsveien sind Dir wohl bekannt. Norwegen ist das Land Deiner Tr\u00e4ume. Hier findest Du Ruhe und Gelassenheit. Preikestolen und Nidarosdom. Dieses wunderbare Land heilt alle Wunden.<\/strong><\/h3>\n<h3><strong>Kaffeetasse Ich brauche keine Therapie, ich muss nur nach Norwegen<\/strong><\/h3>\n<p>Weisse Tasse Bedruckt 280 ml Keramik<\/p>\n","protected":false},"excerpt":{"rendered":"<p>Weisse Tasse Bedruckt 280 ml Keramik &#8211; Kurzbeschreibung<\/p>\n","protected":false},"featured_media":0,"comment_status":"open","ping_status":"closed","template":"","meta":[],"_links":{"self":[{"href":"https:\/\/deine-klamotten.de\/start\/wp-json\/wp\/v2\/product\/47145"}],"collection":[{"href":"https:\/\/deine-klamotten.de\/start\/wp-json\/wp\/v2\/product"}],"about":[{"href":"https:\/\/deine-klamotten.de\/start\/wp-json\/wp\/v2\/types\/product"}],"replies":[{"embeddable":true,"href":"https:\/\/deine-klamotten.de\/start\/wp-json\/wp\/v2\/comments?post=47145"}],"wp:attachment":[{"href":"https:\/\/deine-klamotten.de\/start\/wp-json\/wp\/v2\/media?parent=47145"}],"curies":[{"name":"wp","href":"https:\/\/api.w.org\/{rel}","templated":true}]}}