{"id":47151,"date":"2017-11-18T11:05:21","date_gmt":"2017-11-18T10:05:21","guid":{"rendered":"http:\/\/deine-klamotten.de\/?post_type=product&#038;p=47151"},"modified":"2017-11-18T11:25:42","modified_gmt":"2017-11-18T10:25:42","slug":"kissen-ich-brauche-keine-therapie-ich-muss-nur-nach-norwegen","status":"publish","type":"product","link":"https:\/\/deine-klamotten.de\/start\/produkt\/kissen-ich-brauche-keine-therapie-ich-muss-nur-nach-norwegen\/","title":{"rendered":"Kissen Ich brauche keine Therapie, ich muss nur nach Norwegen"},"content":{"rendered":"<h3><strong>Kaffeetasse Ich brauche keine Therapie, ich muss nur nach Norwegen<\/strong><\/h3>\n<h3><strong>Du liebst Bergen und den Geiranger Fjord. Dein Gaumen sehnt sich nach norwegischem Bier und R\u00f8mmegr\u00f8t. Trollstigen und Atlanterhavsveien sind Dir wohl bekannt. Norwegen ist das Land Deiner Tr\u00e4ume. Hier findest Du Ruhe und Gelassenheit. Preikestolen und Nidarosdom. Dieses wunderbare Land heilt alle Wunden.<\/strong><\/h3>\n<h3><strong>Kaffeetasse Ich brauche keine Therapie, ich muss nur nach Norwegen<\/strong><\/h3>\n<p>Kissenbezug\/Kissenh\u00fclle<br \/>\nTop Qualit\u00e4t<br \/>\n100% Baumwolle<br \/>\nMit Rei\u00dfverschluss<br \/>\nMa\u00dfe: 40&#215;40 cm<br \/>\nWaschbar bis 30\u00b0C<br \/>\nBedruckt per Direktdruck<br \/>\nLieferumfang: Kissenbezug mit F\u00fcllung<br \/>\nBitte das der Lieferung beigef\u00fcgte Hinweisblatt beachten!<br \/>\nHochwertig verarbeitete und sehr sch\u00f6ne Kissenbez\u00fcge aus 100% Baumwolle.<\/p>\n","protected":false},"excerpt":{"rendered":"<p>Kissenbezug\/Kissenh\u00fclle\u00a0Top Qualit\u00e4t\u00a0100% Baumwolle mit Rei\u00dfverschluss\u00a0Ma\u00dfe: 40&#215;40 cm<\/p>\n","protected":false},"featured_media":0,"comment_status":"open","ping_status":"closed","template":"","meta":[],"_links":{"self":[{"href":"https:\/\/deine-klamotten.de\/start\/wp-json\/wp\/v2\/product\/47151"}],"collection":[{"href":"https:\/\/deine-klamotten.de\/start\/wp-json\/wp\/v2\/product"}],"about":[{"href":"https:\/\/deine-klamotten.de\/start\/wp-json\/wp\/v2\/types\/product"}],"replies":[{"embeddable":true,"href":"https:\/\/deine-klamotten.de\/start\/wp-json\/wp\/v2\/comments?post=47151"}],"wp:attachment":[{"href":"https:\/\/deine-klamotten.de\/start\/wp-json\/wp\/v2\/media?parent=47151"}],"curies":[{"name":"wp","href":"https:\/\/api.w.org\/{rel}","templated":true}]}}