{"id":47158,"date":"2017-11-18T12:03:51","date_gmt":"2017-11-18T11:03:51","guid":{"rendered":"http:\/\/deine-klamotten.de\/?post_type=product&#038;p=47158"},"modified":"2017-11-18T12:09:42","modified_gmt":"2017-11-18T11:09:42","slug":"kissen-glaube-liebe-hoffnung-norddeutsch-heimat","status":"publish","type":"product","link":"https:\/\/deine-klamotten.de\/start\/produkt\/kissen-glaube-liebe-hoffnung-norddeutsch-heimat\/","title":{"rendered":"Kissen Glaube Liebe Hoffnung Norddeutsch Heimat"},"content":{"rendered":"<h3><strong>Sch\u00f6nes\u00a0<\/strong><strong>Kissen Glaube Liebe Hoffnung Norddeutsch Heimat<\/strong><\/h3>\n<h3><strong>Moin, so gr\u00fc\u00dft man bei uns im Norden. Der Anker als Symbol f\u00fcr unsere Bodenst\u00e4ndigkeit, unseren Stolz und unsere Werte. Den Geruch des Meeres immer in der Nase. Dieses Kissen ist ein klares Statement: Ich bin Norddeutscher<\/strong><\/h3>\n<h3><strong>Sch\u00f6nes\u00a0<\/strong><strong>Kissen Glaube Liebe Hoffnung Norddeutsch Heimat<\/strong><\/h3>\n<p>Kissenbezug\/Kissenh\u00fclle<br \/>\nTop Qualit\u00e4t<br \/>\n100% Baumwolle<br \/>\nMit Rei\u00dfverschluss<br \/>\nMa\u00dfe: 40&#215;40 cm<br \/>\nWaschbar bis 30\u00b0C<br \/>\nBedruckt per Direktdruck<br \/>\nLieferumfang: Kissenbezug mit F\u00fcllung<br \/>\nBitte das der Lieferung beigef\u00fcgte Hinweisblatt beachten!<br \/>\nHochwertig verarbeitete und sehr sch\u00f6ne Kissenbez\u00fcge aus 100% Baumwolle.<\/p>\n","protected":false},"excerpt":{"rendered":"<p>Kissenbezug\/Kissenh\u00fclle\u00a0Top Qualit\u00e4t\u00a0100% Baumwolle mit Rei\u00dfverschluss\u00a0Ma\u00dfe: 40&#215;40 cm<\/p>\n","protected":false},"featured_media":0,"comment_status":"open","ping_status":"closed","template":"","meta":[],"_links":{"self":[{"href":"https:\/\/deine-klamotten.de\/start\/wp-json\/wp\/v2\/product\/47158"}],"collection":[{"href":"https:\/\/deine-klamotten.de\/start\/wp-json\/wp\/v2\/product"}],"about":[{"href":"https:\/\/deine-klamotten.de\/start\/wp-json\/wp\/v2\/types\/product"}],"replies":[{"embeddable":true,"href":"https:\/\/deine-klamotten.de\/start\/wp-json\/wp\/v2\/comments?post=47158"}],"wp:attachment":[{"href":"https:\/\/deine-klamotten.de\/start\/wp-json\/wp\/v2\/media?parent=47158"}],"curies":[{"name":"wp","href":"https:\/\/api.w.org\/{rel}","templated":true}]}}