{"id":47743,"date":"2018-01-17T17:00:12","date_gmt":"2018-01-17T16:00:12","guid":{"rendered":"http:\/\/deine-klamotten.de\/?post_type=product&#038;p=47743"},"modified":"2018-01-17T18:03:27","modified_gmt":"2018-01-17T17:03:27","slug":"turnbeutel-peace-frieden","status":"publish","type":"product","link":"https:\/\/deine-klamotten.de\/start\/produkt\/turnbeutel-peace-frieden\/","title":{"rendered":"Turnbeutel PEACE Frieden"},"content":{"rendered":"<h3><strong>Turnbeutel PEACE Frieden<\/strong><\/h3>\n<h3><strong>Gro\u00dfartiges Design. Das Wort WAR (Krieg) formt hier die f\u00fcnf gro\u00dfen Buchstaben PEACE (Frieden)<\/strong><\/h3>\n<p><span style=\"color: #282828; font-size: 20.16px;\"><strong>Der Kultt<strong>urnbeutel <\/strong>f\u00fcr die Schule, f\u00fcr das Festival, f\u00fcr den Urlaub &#8211; einfach perfekt f\u00fcr jede Gelegenheit<\/strong><\/span><\/p>\n<h3><span style=\"color: #282828;\"><strong>Die &#8222;nat\u00fcrliche&#8220; Alternative zu Polyester-Turnbeuteln und Plastikt\u00fcten<\/strong><\/span><\/h3>\n<h3><strong>Turnbeutel PEACE Frieden<\/strong><\/h3>\n<p>Turnbeutel<br \/>\nTop Qualit\u00e4t<br \/>\n100% Baumwolle<br \/>\nMa\u00dfe: 37 x 46 cm<br \/>\nZusammenziehbare Tragekordel<br \/>\nLeergewicht: 180 g\/qm<\/p>\n","protected":false},"excerpt":{"rendered":"<p>Turnbeutel Top Qualit\u00e4t\u00a0100% Baumwolle zusammenziehbare Tragekordel Ma\u00dfe: 37 x 46 cm<\/p>\n","protected":false},"featured_media":0,"comment_status":"open","ping_status":"closed","template":"","meta":[],"_links":{"self":[{"href":"https:\/\/deine-klamotten.de\/start\/wp-json\/wp\/v2\/product\/47743"}],"collection":[{"href":"https:\/\/deine-klamotten.de\/start\/wp-json\/wp\/v2\/product"}],"about":[{"href":"https:\/\/deine-klamotten.de\/start\/wp-json\/wp\/v2\/types\/product"}],"replies":[{"embeddable":true,"href":"https:\/\/deine-klamotten.de\/start\/wp-json\/wp\/v2\/comments?post=47743"}],"wp:attachment":[{"href":"https:\/\/deine-klamotten.de\/start\/wp-json\/wp\/v2\/media?parent=47743"}],"curies":[{"name":"wp","href":"https:\/\/api.w.org\/{rel}","templated":true}]}}