{"id":48771,"date":"2017-11-25T12:12:51","date_gmt":"2017-11-25T11:12:51","guid":{"rendered":"http:\/\/deine-klamotten.de\/?post_type=product&#038;p=48771"},"modified":"2018-08-07T12:15:15","modified_gmt":"2018-08-07T10:15:15","slug":"fun-shirt-ich-brauche-keine-therapie-ich-muss-nur-zum-festival","status":"publish","type":"product","link":"https:\/\/deine-klamotten.de\/start\/produkt\/fun-shirt-ich-brauche-keine-therapie-ich-muss-nur-zum-festival\/","title":{"rendered":"Herren V-Neck Fun Shirt Ich brauche keine Therapie, ich muss nur zum Festival"},"content":{"rendered":"<h3><strong>Fun Shirt Ich brauche keine Therapie, ich muss nur zum Festival<\/strong><\/h3>\n<h3><strong style=\"font-size: 20.16px;\">Egal ob Wacken, Ferdinands Feld oder Bremen Ole &#8211; ein Festival ist eine andere Welt. Hier l\u00e4sst man seine Sorgen hinter sich und genie\u00dft gro\u00dfartige Musik und eine au\u00dfergew\u00f6hnliche Stimmung.<\/strong><\/h3>\n<h3><strong style=\"font-size: 20.16px;\">Fun Shirt Ich brauche keine Therapie, ich muss nur zum Festival<\/strong><\/h3>\n<h3><strong>Fun Shirt in Top Qualit\u00e4t zum super Preis<\/strong><\/h3>\n<div>T-Shirt, V-Ausschnitt, Single Jersey, 100 % Baumwolle, 180 g\/m\u00b2<\/div>\n<div><\/div>\n<div><strong>Schnitt<\/strong><\/div>\n<div>&#8211; komfortable Schnittform<\/div>\n<div><\/div>\n<div><strong>Verarbeitung<\/strong><\/div>\n<div>&#8211; Rippb\u00fcndchen mit Elasthan<\/div>\n<div>&#8211; Nackenband<\/div>\n<div>&#8211; verst\u00e4rkte Schultern\u00e4hte<\/div>\n<div>&#8211; Doppeln\u00e4hte<\/div>\n<div>&#8211; Schlauchware<\/div>\n<div><\/div>\n<div><strong>Eigenschaften<\/strong><\/div>\n<div>&#8211; gek\u00e4mmte Baumwolle<\/div>\n<div>&#8211; strapazierf\u00e4hig<\/div>\n<div>&#8211; formbest\u00e4ndig<\/div>\n<div>&#8211; weiches Griffgef\u00fchl<\/div>\n","protected":false},"excerpt":{"rendered":"<p>M\u00e4nner T-Shirt, V-Ausschnitt, Single Jersey<\/p>\n","protected":false},"featured_media":0,"comment_status":"open","ping_status":"closed","template":"","meta":[],"_links":{"self":[{"href":"https:\/\/deine-klamotten.de\/start\/wp-json\/wp\/v2\/product\/48771"}],"collection":[{"href":"https:\/\/deine-klamotten.de\/start\/wp-json\/wp\/v2\/product"}],"about":[{"href":"https:\/\/deine-klamotten.de\/start\/wp-json\/wp\/v2\/types\/product"}],"replies":[{"embeddable":true,"href":"https:\/\/deine-klamotten.de\/start\/wp-json\/wp\/v2\/comments?post=48771"}],"wp:attachment":[{"href":"https:\/\/deine-klamotten.de\/start\/wp-json\/wp\/v2\/media?parent=48771"}],"curies":[{"name":"wp","href":"https:\/\/api.w.org\/{rel}","templated":true}]}}