{"id":49546,"date":"2017-11-30T18:09:21","date_gmt":"2017-11-30T17:09:21","guid":{"rendered":"http:\/\/deine-klamotten.de\/?post_type=product&#038;p=49546"},"modified":"2017-11-30T18:12:02","modified_gmt":"2017-11-30T17:12:02","slug":"kissen-fuer-meinen-mann-liebeskissen","status":"publish","type":"product","link":"https:\/\/deine-klamotten.de\/start\/produkt\/kissen-fuer-meinen-mann-liebeskissen\/","title":{"rendered":"Kissen F\u00fcr meinen Mann  Liebeskissen"},"content":{"rendered":"<h3><strong>Sch\u00f6nes Kissen F\u00fcr meinen Mann<\/strong><strong><br \/>\n<\/strong><\/h3>\n<h3><strong style=\"font-size: 20.16px;\">Ich liebte Dich damals<\/strong><\/h3>\n<h3><strong>Ich liebe Dich nun<\/strong><\/h3>\n<h3><strong>Ich liebe Dich immer<\/strong><\/h3>\n<h3><strong>Und werde es immer tun<\/strong><\/h3>\n<h3><strong style=\"font-size: 20.16px;\">Sch\u00f6nes Kissen F\u00fcr meinen Mann &#8211; perfekt f\u00fcr alle Verliebten und ein super Geschenk zum Hochzeitstag.<\/strong><\/h3>\n<p>Kissenbezug\/Kissenh\u00fclle<br \/>\nTop Qualit\u00e4t<br \/>\n100% Baumwolle<br \/>\nMit Rei\u00dfverschluss<br \/>\nMa\u00dfe: 40&#215;40 cm<br \/>\nWaschbar bis 30\u00b0C<br \/>\nBedruckt per Direktdruck<br \/>\nLieferumfang: Kissenbezug mit F\u00fcllung<br \/>\nBitte das der Lieferung beigef\u00fcgte Hinweisblatt beachten!<br \/>\nHochwertig verarbeitete und sehr sch\u00f6ne Kissenbez\u00fcge aus 100% Baumwolle.<\/p>\n","protected":false},"excerpt":{"rendered":"<p>Kissenbezug\/Kissenh\u00fclle\u00a0Top Qualit\u00e4t\u00a0100% Baumwolle mit Rei\u00dfverschluss\u00a0Ma\u00dfe: 40&#215;40 cm<\/p>\n","protected":false},"featured_media":0,"comment_status":"open","ping_status":"closed","template":"","meta":[],"_links":{"self":[{"href":"https:\/\/deine-klamotten.de\/start\/wp-json\/wp\/v2\/product\/49546"}],"collection":[{"href":"https:\/\/deine-klamotten.de\/start\/wp-json\/wp\/v2\/product"}],"about":[{"href":"https:\/\/deine-klamotten.de\/start\/wp-json\/wp\/v2\/types\/product"}],"replies":[{"embeddable":true,"href":"https:\/\/deine-klamotten.de\/start\/wp-json\/wp\/v2\/comments?post=49546"}],"wp:attachment":[{"href":"https:\/\/deine-klamotten.de\/start\/wp-json\/wp\/v2\/media?parent=49546"}],"curies":[{"name":"wp","href":"https:\/\/api.w.org\/{rel}","templated":true}]}}