{"id":51204,"date":"2017-12-05T18:04:09","date_gmt":"2017-12-05T17:04:09","guid":{"rendered":"http:\/\/deine-klamotten.de\/?post_type=product&#038;p=51204"},"modified":"2017-12-13T18:12:50","modified_gmt":"2017-12-13T17:12:50","slug":"tasse-peace-frieden","status":"publish","type":"product","link":"https:\/\/deine-klamotten.de\/start\/produkt\/tasse-peace-frieden\/","title":{"rendered":"Tasse PEACE Frieden"},"content":{"rendered":"<h3><strong>Sch\u00f6ne Kaffeetasse PEACE Frieden<\/strong><strong><br \/>\n<\/strong><\/h3>\n<h3><b>Gro\u00dfartiges Design. Das Wort WAR (Krieg) formt hier die f\u00fcnf gro\u00dfen Buchstaben PEACE (Frieden)<\/b><\/h3>\n<h3><strong>Kaffeetasse PEACE Frieden \u2013 auch ein super Geschenk zum Geburtstag<\/strong><\/h3>\n<p>Weisse Tasse Bedruckt 280 ml Keramik<\/p>\n","protected":false},"excerpt":{"rendered":"<p>Weisse Tasse Bedruckt 280 ml Keramik &#8211; Kurzbeschreibung<\/p>\n","protected":false},"featured_media":0,"comment_status":"open","ping_status":"closed","template":"","meta":[],"_links":{"self":[{"href":"https:\/\/deine-klamotten.de\/start\/wp-json\/wp\/v2\/product\/51204"}],"collection":[{"href":"https:\/\/deine-klamotten.de\/start\/wp-json\/wp\/v2\/product"}],"about":[{"href":"https:\/\/deine-klamotten.de\/start\/wp-json\/wp\/v2\/types\/product"}],"replies":[{"embeddable":true,"href":"https:\/\/deine-klamotten.de\/start\/wp-json\/wp\/v2\/comments?post=51204"}],"wp:attachment":[{"href":"https:\/\/deine-klamotten.de\/start\/wp-json\/wp\/v2\/media?parent=51204"}],"curies":[{"name":"wp","href":"https:\/\/api.w.org\/{rel}","templated":true}]}}