{"id":51292,"date":"2017-12-05T20:42:18","date_gmt":"2017-12-05T19:42:18","guid":{"rendered":"http:\/\/deine-klamotten.de\/?post_type=product&#038;p=51292"},"modified":"2017-12-05T20:44:50","modified_gmt":"2017-12-05T19:44:50","slug":"kissen-liebespaar-fuer-immer-nur-dich","status":"publish","type":"product","link":"https:\/\/deine-klamotten.de\/start\/produkt\/kissen-liebespaar-fuer-immer-nur-dich\/","title":{"rendered":"Kissen Liebespaar F\u00fcr immer nur DICH"},"content":{"rendered":"<h3><strong>Sch\u00f6nes Kissen Liebespaar F\u00fcr immer nur DICH<\/strong><strong><br \/>\n<\/strong><\/h3>\n<h3><strong style=\"font-size: 20.16px;\">Kissen Liebespaar F\u00fcr immer nur DICH &#8211; auch ein super Geschenk zum Hochzeitstag oder zum Geburtstag.<\/strong><\/h3>\n<h3><strong>Ein tolles Zeichen f\u00fcr die Liebe!<\/strong><\/h3>\n<p>Kissenbezug\/Kissenh\u00fclle<br \/>\nTop Qualit\u00e4t<br \/>\n100% Baumwolle<br \/>\nMit Rei\u00dfverschluss<br \/>\nMa\u00dfe: 40&#215;40 cm<br \/>\nWaschbar bis 30\u00b0C<br \/>\nBedruckt per Direktdruck<br \/>\nLieferumfang: Kissenbezug mit F\u00fcllung<br \/>\nBitte das der Lieferung beigef\u00fcgte Hinweisblatt beachten!<br \/>\nHochwertig verarbeitete und sehr sch\u00f6ne Kissenbez\u00fcge aus 100% Baumwolle.<\/p>\n","protected":false},"excerpt":{"rendered":"<p>Kissenbezug\/Kissenh\u00fclle\u00a0Top Qualit\u00e4t\u00a0100% Baumwolle mit Rei\u00dfverschluss\u00a0Ma\u00dfe: 40&#215;40 cm<\/p>\n","protected":false},"featured_media":0,"comment_status":"open","ping_status":"closed","template":"","meta":[],"_links":{"self":[{"href":"https:\/\/deine-klamotten.de\/start\/wp-json\/wp\/v2\/product\/51292"}],"collection":[{"href":"https:\/\/deine-klamotten.de\/start\/wp-json\/wp\/v2\/product"}],"about":[{"href":"https:\/\/deine-klamotten.de\/start\/wp-json\/wp\/v2\/types\/product"}],"replies":[{"embeddable":true,"href":"https:\/\/deine-klamotten.de\/start\/wp-json\/wp\/v2\/comments?post=51292"}],"wp:attachment":[{"href":"https:\/\/deine-klamotten.de\/start\/wp-json\/wp\/v2\/media?parent=51292"}],"curies":[{"name":"wp","href":"https:\/\/api.w.org\/{rel}","templated":true}]}}