{"id":51566,"date":"2017-12-07T18:23:20","date_gmt":"2017-12-07T17:23:20","guid":{"rendered":"http:\/\/deine-klamotten.de\/?post_type=product&#038;p=51566"},"modified":"2017-12-07T19:12:52","modified_gmt":"2017-12-07T18:12:52","slug":"kissen-du-kannst-mich-aus-dem-osten-holen-aber-niemals-den-osten-aus-mir","status":"publish","type":"product","link":"https:\/\/deine-klamotten.de\/start\/produkt\/kissen-du-kannst-mich-aus-dem-osten-holen-aber-niemals-den-osten-aus-mir\/","title":{"rendered":"Kissen Du kannst mich aus dem Osten holen aber niemals den Osten aus mir"},"content":{"rendered":"<h3><strong>Cooles Kissen Du kannst mich aus dem Osten holen, aber niemals den Osten aus mir<\/strong><strong><br \/>\n<\/strong><\/h3>\n<h3><strong>Die Wessis ham ja keene Ahnung<\/strong><\/h3>\n<h3><strong>Tolles Dekokissen f\u00fcr Dein Zuhause. F\u00fcr das Wohnzimmer, f\u00fcr das Schlafzimmer.<\/strong><\/h3>\n<p>Kissenbezug\/Kissenh\u00fclle<br \/>\nTop Qualit\u00e4t<br \/>\n100% Baumwolle<br \/>\nMit Rei\u00dfverschluss<br \/>\nMa\u00dfe: 40&#215;40 cm<br \/>\nWaschbar bis 30\u00b0C<br \/>\nBedruckt per Direktdruck<br \/>\nLieferumfang: Kissenbezug mit F\u00fcllung<br \/>\nBitte das der Lieferung beigef\u00fcgte Hinweisblatt beachten!<br \/>\nHochwertig verarbeitete und sehr sch\u00f6ne Kissenbez\u00fcge aus 100% Baumwolle.<\/p>\n","protected":false},"excerpt":{"rendered":"<p>Kissenbezug\/Kissenh\u00fclle\u00a0Top Qualit\u00e4t\u00a0100% Baumwolle mit Rei\u00dfverschluss\u00a0Ma\u00dfe: 40&#215;40 cm<\/p>\n","protected":false},"featured_media":0,"comment_status":"open","ping_status":"closed","template":"","meta":[],"_links":{"self":[{"href":"https:\/\/deine-klamotten.de\/start\/wp-json\/wp\/v2\/product\/51566"}],"collection":[{"href":"https:\/\/deine-klamotten.de\/start\/wp-json\/wp\/v2\/product"}],"about":[{"href":"https:\/\/deine-klamotten.de\/start\/wp-json\/wp\/v2\/types\/product"}],"replies":[{"embeddable":true,"href":"https:\/\/deine-klamotten.de\/start\/wp-json\/wp\/v2\/comments?post=51566"}],"wp:attachment":[{"href":"https:\/\/deine-klamotten.de\/start\/wp-json\/wp\/v2\/media?parent=51566"}],"curies":[{"name":"wp","href":"https:\/\/api.w.org\/{rel}","templated":true}]}}