{"id":53181,"date":"2017-12-09T11:41:29","date_gmt":"2017-12-09T10:41:29","guid":{"rendered":"http:\/\/deine-klamotten.de\/?post_type=product&#038;p=53181"},"modified":"2018-10-19T10:24:26","modified_gmt":"2018-10-19T08:24:26","slug":"fun-shirt-meine-damen-und-herren-eure-exzellenz-der-fliesenleger-betritt-das-gebaeude","status":"publish","type":"product","link":"https:\/\/deine-klamotten.de\/start\/produkt\/fun-shirt-meine-damen-und-herren-eure-exzellenz-der-fliesenleger-betritt-das-gebaeude\/","title":{"rendered":"Herren V-Neck Fun Shirt Meine Damen und Herren Eure Exzellenz der FLIESENLEGER betritt das Geb\u00e4ude"},"content":{"rendered":"<h3><strong>M\u00e4nner Fun Shirt Meine Damen und Herren Eure Exzellenz der FLIESENLEGER betritt das Geb\u00e4ude <\/strong><\/h3>\n<h3><strong>Ohne den FLIESENLEGER geht hier gar nichts. Er zaubert wundervolle Badezimmer, tollste K\u00fcche und unglaubliche Fu\u00dfb\u00f6den<\/strong><\/h3>\n<h3><strong style=\"font-size: 20.16px;\">Herren Fun Shirt Meine Damen und Herren Eure Exzellenz der FLIESENLEGER betritt das Geb\u00e4ude<\/strong><\/h3>\n<h3><b>Sch\u00f6nes Herren T-Shirt in Top Qualit\u00e4t zum super Preis<\/b><\/h3>\n<p>T-Shirt, V-Ausschnitt, Single Jersey, 100 % Baumwolle, 180 g\/m\u00b2<\/p>\n<div><strong>Schnitt<\/strong><\/div>\n<div>&#8211; komfortable Schnittform<\/div>\n<div><\/div>\n<div><strong>Verarbeitung<\/strong><\/div>\n<div>&#8211; Rippb\u00fcndchen mit Elasthan<\/div>\n<div>&#8211; Nackenband<\/div>\n<div>&#8211; verst\u00e4rkte Schultern\u00e4hte<\/div>\n<div>&#8211; Doppeln\u00e4hte<\/div>\n<div>&#8211; Schlauchware<\/div>\n<div><\/div>\n<div><strong>Eigenschaften<\/strong><\/div>\n<div>&#8211; gek\u00e4mmte Baumwolle<\/div>\n<div>&#8211; strapazierf\u00e4hig<\/div>\n<div>&#8211; formbest\u00e4ndig<\/div>\n<div>&#8211; weiches Griffgef\u00fchl<\/div>\n","protected":false},"excerpt":{"rendered":"<p>M\u00e4nner T-Shirt\u00a0, V-Ausschnitt, Single Jersey<\/p>\n","protected":false},"featured_media":0,"comment_status":"open","ping_status":"closed","template":"","meta":[],"_links":{"self":[{"href":"https:\/\/deine-klamotten.de\/start\/wp-json\/wp\/v2\/product\/53181"}],"collection":[{"href":"https:\/\/deine-klamotten.de\/start\/wp-json\/wp\/v2\/product"}],"about":[{"href":"https:\/\/deine-klamotten.de\/start\/wp-json\/wp\/v2\/types\/product"}],"replies":[{"embeddable":true,"href":"https:\/\/deine-klamotten.de\/start\/wp-json\/wp\/v2\/comments?post=53181"}],"wp:attachment":[{"href":"https:\/\/deine-klamotten.de\/start\/wp-json\/wp\/v2\/media?parent=53181"}],"curies":[{"name":"wp","href":"https:\/\/api.w.org\/{rel}","templated":true}]}}