{"id":54411,"date":"2017-12-13T17:35:03","date_gmt":"2017-12-13T16:35:03","guid":{"rendered":"http:\/\/deine-klamotten.de\/?post_type=product&#038;p=54411"},"modified":"2017-12-13T17:46:04","modified_gmt":"2017-12-13T16:46:04","slug":"turnbeutel-du-kannst-mich-aus-dem-norden-holen-aber-niemals-den-norden-aus-mir","status":"publish","type":"product","link":"https:\/\/deine-klamotten.de\/start\/produkt\/turnbeutel-du-kannst-mich-aus-dem-norden-holen-aber-niemals-den-norden-aus-mir\/","title":{"rendered":"Turnbeutel Du kannst mich aus dem Norden holen aber niemals den Norden aus mir"},"content":{"rendered":"<h3><strong>Turnbeutel <\/strong><strong>Du kannst mich aus dem Norden holen aber niemals den Norden aus mir<\/strong><\/h3>\n<h3><strong>Cooler Turnbeutel f\u00fcr alle, die aus dem Norden kommen. Egal wo Du wohnst, egal wohin Du umziehst \u2013 der Norden bleibt immer in Dir!<\/strong><\/h3>\n<h3><span style=\"color: #282828; font-size: 20.16px;\"><strong>Der Kultturnbeutel f\u00fcr die Schule, f\u00fcr das Festival, f\u00fcr den Urlaub \u2013 einfach perfekt f\u00fcr jede Gelegenheit<\/strong><\/span><\/h3>\n<h3><span style=\"color: #282828;\"><strong>Die &#8222;nat\u00fcrliche&#8220; Alternative zu Polyester-Turnbeuteln und Plastikt\u00fcten<\/strong><\/span><\/h3>\n<h3><strong>Turnbeutel <\/strong><strong>Du kannst mich aus dem Norden holen aber niemals den Norden aus mir<\/strong><\/h3>\n<p>Turnbeutel<br \/>\nTop Qualit\u00e4t<br \/>\n100% Baumwolle<br \/>\nMa\u00dfe: 37 x 46 cm<br \/>\nZusammenziehbare Tragekordel<br \/>\nLeergewicht: 180 g\/qm<\/p>\n","protected":false},"excerpt":{"rendered":"<p>Turnbeutel Top Qualit\u00e4t\u00a0100% Baumwolle zusammenziehbare Tragekordel Ma\u00dfe: 37 x 46 cm<\/p>\n","protected":false},"featured_media":0,"comment_status":"open","ping_status":"closed","template":"","meta":[],"_links":{"self":[{"href":"https:\/\/deine-klamotten.de\/start\/wp-json\/wp\/v2\/product\/54411"}],"collection":[{"href":"https:\/\/deine-klamotten.de\/start\/wp-json\/wp\/v2\/product"}],"about":[{"href":"https:\/\/deine-klamotten.de\/start\/wp-json\/wp\/v2\/types\/product"}],"replies":[{"embeddable":true,"href":"https:\/\/deine-klamotten.de\/start\/wp-json\/wp\/v2\/comments?post=54411"}],"wp:attachment":[{"href":"https:\/\/deine-klamotten.de\/start\/wp-json\/wp\/v2\/media?parent=54411"}],"curies":[{"name":"wp","href":"https:\/\/api.w.org\/{rel}","templated":true}]}}