{"id":56190,"date":"2017-12-20T15:56:15","date_gmt":"2017-12-20T14:56:15","guid":{"rendered":"http:\/\/deine-klamotten.de\/?post_type=product&#038;p=56190"},"modified":"2017-12-28T13:43:47","modified_gmt":"2017-12-28T12:43:47","slug":"fun-shirt-meine-heimat-norddeutschland-individuell-bedruckt-mit-dem-namen-deiner-heimatstadt","status":"publish","type":"product","link":"https:\/\/deine-klamotten.de\/start\/produkt\/fun-shirt-meine-heimat-norddeutschland-individuell-bedruckt-mit-dem-namen-deiner-heimatstadt\/","title":{"rendered":"Herren V-Neck Fun Shirt Meine Heimat Norddeutschland individuell bedruckt mit dem Namen Deiner Heimatstadt"},"content":{"rendered":"<h3><strong>Herren Fun Shirt &#8211; Deine Heimat &#8211; Norddeutschland<\/strong><\/h3>\n<h3><strong>Trage einfach den Namen Deiner Heimatstadt in das Textfeld ein und wir bedrucken Dein ganz pers\u00f6nliches Fun T-Shirt<br \/>\n<\/strong><\/h3>\n<p>Du liebst Deine Heimat, den Norden und die Stadt in der Du lebst. Heimat ist nicht einfach nur eine Stadt, ein Ort oder ein Dorf \u2013 das ist ein Gef\u00fchl. Die norddeutsche Mentalit\u00e4t ist etwas ganz Besonderes. Du sp\u00fcrst und liebst die N\u00e4he zum Meer. Hier sagt man Moin und es wird noch Platt gesprochen. Unsere Hansest\u00e4dte sind einzigartig und die wundersch\u00f6ne K\u00fcste verw\u00f6hnt unz\u00e4hlige Urlauber.<\/p>\n<p>Hier findest Du <strong><span style=\"color: #d83131;\">viele sch\u00f6ne Dinge<\/span><\/strong>, die wir individuell mit dem Namen Deiner Heimatstadt bedrucken. Auch perfekt als Geschenk zum Geburtstag, zu Weihnachten oder einfach, um sich selbst eine Freude zu machen.<\/p>\n<p><a href=\"https:\/\/deine-klamotten.de\/produkt\/fun-shirt-meine-heimat-norddeutschland-individuell-bedruckt-mit-dem-namen-deiner-heimatstadt\/\">Herren Fun Shirts<\/a><\/p>\n<p><a href=\"https:\/\/deine-klamotten.de\/produkt\/damen-fun-shirt-meine-heimat-norddeutschland-individuell-bedruckt-mit-dem-namen-deiner-heimatstadt\/\">Damen Fun Shirts<\/a><\/p>\n<p><a href=\"https:\/\/deine-klamotten.de\/produkt\/kinder-fun-shirt-meine-heimat-norddeutschland-individuell-bedruckt-mit-dem-namen-deiner-heimatstadt\/\">Kinder Fun Shirts<\/a><\/p>\n<p><a href=\"https:\/\/deine-klamotten.de\/produkt\/fun-hoodie-meine-heimat-norddeutschland\/\">Herren Hoodies<\/a><\/p>\n<p><a href=\"https:\/\/deine-klamotten.de\/produkt\/damen-fun-hoodie-meine-heimat-norddeutschland-individuell-bedruckt-mit-dem-namen-deiner-heimatstadt\/\">Damen Hoodies<\/a><\/p>\n<p><a href=\"https:\/\/deine-klamotten.de\/produkt\/baby-fun-strampler-meine-heimat-norddeutschland-individuell-bedruckt-mit-dem-namen-deiner-heimatstadt\/\">Babystrampler<\/a><\/p>\n<p><a href=\"https:\/\/deine-klamotten.de\/produkt\/fun-muskel-shirt-meine-heimat-norddeutschland-individuell-bedruckt-mit-dem-namen-deiner-heimatstadt\/\">Herren Tanktops<\/a><\/p>\n<p><a href=\"https:\/\/deine-klamotten.de\/produkt\/damen-fun-tanktop-meine-heimat-norddeutschland-individuell-bedruckt-mit-dem-namen-deiner-heimatstadt\/\">Damen Tanktops<\/a><\/p>\n<p><a href=\"https:\/\/deine-klamotten.de\/produkt\/basecap-meine-heimat-norddeutschland-individuell-bedruckt-mit-dem-namen-deiner-heimatstadt\/\">Basecaps<\/a><\/p>\n<p><a href=\"https:\/\/deine-klamotten.de\/produkt\/turnbeutel-meine-heimat-norddeutschland-individuell-bedruckt-mit-dem-namen-deiner-heimatstadt\/\">Turnbeutel<\/a><\/p>\n<p><a href=\"https:\/\/deine-klamotten.de\/produkt\/kaffeetasse-meine-heimat-norddeutschland-individuell-bedruckt-mit-dem-namen-deiner-heimatstadt\/\">Kaffeetassen<\/a><\/p>\n<p><a href=\"https:\/\/deine-klamotten.de\/produkt\/kissen-meine-heimat-norddeutschland-individuell-bedruckt-mit-dem-namen-deiner-heimatstadt\/\">Kissen<\/a><\/p>\n<p><a href=\"https:\/\/deine-klamotten.de\/produkt\/wandtattoo-meine-heimat-norddeutschland-individuell-bedruckt-mit-dem-namen-deiner-heimatstadt\/\">Wandtattoos<\/a><\/p>\n<p><a href=\"https:\/\/deine-klamotten.de\/produkt\/kfz-tattoo-meine-heimat-norddeutschland-individuell-bedruckt-mit-dem-namen-deiner-heimatstadt\/\">Auto-Aufkleber<\/a><\/p>\n<p><a href=\"https:\/\/deine-klamotten.de\/produkt\/heckscheiben-aufkleber-meine-heimat-norddeutschland-individuell-bedruckt-mit-dem-namen-deiner-heimatstadt\/\">Heckscheiben-Aufkleber<\/a><\/p>\n<p>Aurich Braunschweig Bremen Bremerhaven Cuxhaven Flensburg G\u00f6ttingen Greifswald Hamburg Hannover Hildesheim Jever \u00a0Kiel L\u00fcbeck Niedersachsen Oldenburg Osnabr\u00fcck Ostfriesland Rostock Salzgitter Schwerin Stralsund St. Peter-Ording Wismar Wolfsburg<\/p>\n<hr \/>\n<p><strong>Artikelbeschreibung<\/strong><\/p>\n<div>T-Shirt, V-Ausschnitt, Single Jersey, 100 % Baumwolle, 180 g\/m\u00b2<\/div>\n<div><\/div>\n<div><strong>Schnitt<\/strong><\/div>\n<div>&#8211; komfortable Schnittform<\/div>\n<div><\/div>\n<div><strong>Verarbeitung<\/strong><\/div>\n<div>&#8211; Rippb\u00fcndchen mit Elasthan<\/div>\n<div>&#8211; Nackenband<\/div>\n<div>&#8211; verst\u00e4rkte Schultern\u00e4hte<\/div>\n<div>&#8211; Doppeln\u00e4hte<\/div>\n<div>&#8211; Schlauchware<\/div>\n<div><\/div>\n<div><strong>Eigenschaften<\/strong><\/div>\n<div>&#8211; gek\u00e4mmte Baumwolle<\/div>\n<div>&#8211; strapazierf\u00e4hig<\/div>\n<div>&#8211; formbest\u00e4ndig<\/div>\n<div>&#8211; weiches Griffgef\u00fchl<\/div>\n","protected":false},"excerpt":{"rendered":"<p>Trage einfach den Namen Deiner Heimatstadt in das Textfeld ein und wir bedrucken Dein ganz pers\u00f6nliches Shirt<\/p>\n","protected":false},"featured_media":0,"comment_status":"open","ping_status":"closed","template":"","meta":[],"_links":{"self":[{"href":"https:\/\/deine-klamotten.de\/start\/wp-json\/wp\/v2\/product\/56190"}],"collection":[{"href":"https:\/\/deine-klamotten.de\/start\/wp-json\/wp\/v2\/product"}],"about":[{"href":"https:\/\/deine-klamotten.de\/start\/wp-json\/wp\/v2\/types\/product"}],"replies":[{"embeddable":true,"href":"https:\/\/deine-klamotten.de\/start\/wp-json\/wp\/v2\/comments?post=56190"}],"wp:attachment":[{"href":"https:\/\/deine-klamotten.de\/start\/wp-json\/wp\/v2\/media?parent=56190"}],"curies":[{"name":"wp","href":"https:\/\/api.w.org\/{rel}","templated":true}]}}