{"id":56998,"date":"2018-04-03T20:56:34","date_gmt":"2018-04-03T18:56:34","guid":{"rendered":"http:\/\/deine-klamotten.de\/?post_type=product&#038;p=56998"},"modified":"2018-04-03T20:59:14","modified_gmt":"2018-04-03T18:59:14","slug":"damen-fun-shirt-du-kannst-mich-aus-dem-sueden-holen-aber-niemals-den-sueden-aus-mir","status":"publish","type":"product","link":"https:\/\/deine-klamotten.de\/start\/produkt\/damen-fun-shirt-du-kannst-mich-aus-dem-sueden-holen-aber-niemals-den-sueden-aus-mir\/","title":{"rendered":"Damen Fun Shirt Du kannst mich aus dem S\u00fcden holen aber niemals den S\u00fcden aus mir"},"content":{"rendered":"<h3><strong>Damen Fun Shirt Du kannst mich aus dem S\u00fcden holen aber niemals den S\u00fcden aus mir<\/strong><\/h3>\n<h3><b>Im S\u00fcden ist es einfach am sch\u00f6nsten. Wer aus dem S\u00fcden kommt, tr\u00e4gt ihn immer in seinem Herzen.<\/b><\/h3>\n<h3><strong>Damen Fun Shirt Du kannst mich aus dem S\u00fcden holen aber niemals den S\u00fcden aus mir<\/strong><\/h3>\n<h3><strong>Damen Fun Shirt in Top Qualit\u00e4t zum super Preis<\/strong><\/h3>\n<div>T-Shirt, leicht tailliert, Single Jersey, 100 % Baumwolle, 180 g\/m\u00b2<\/div>\n<div><\/div>\n<div><strong>Schnitt<\/strong><\/div>\n<div>&#8211; komfortable Schnittform<\/div>\n<div>&#8211; leicht tailliert<\/div>\n<div>&#8211; optimierte L\u00e4nge<\/div>\n<div><\/div>\n<div><strong>Verarbeitung<\/strong><\/div>\n<div>&#8211; Rippb\u00fcndchen mit Elasthan<\/div>\n<div>&#8211; Nackenband<\/div>\n<div>&#8211; verst\u00e4rkte Schultern\u00e4hte<\/div>\n<div>&#8211; Doppeln\u00e4hte<\/div>\n<div>&#8211; Seitenn\u00e4hte<\/div>\n<div><\/div>\n<div><strong>Eigenschaften<\/strong><\/div>\n<div>&#8211; gek\u00e4mmte Baumwolle<\/div>\n<div>&#8211; strapazierf\u00e4hig<\/div>\n<div>&#8211; formbest\u00e4ndig<\/div>\n<div>&#8211; weiches Griffgef\u00fchl<\/div>\n<div><\/div>\n<div><\/div>\n","protected":false},"excerpt":{"rendered":"<p>Damen T-Shirt, leicht tailliert, Single Jersey<\/p>\n","protected":false},"featured_media":0,"comment_status":"open","ping_status":"closed","template":"","meta":[],"_links":{"self":[{"href":"https:\/\/deine-klamotten.de\/start\/wp-json\/wp\/v2\/product\/56998"}],"collection":[{"href":"https:\/\/deine-klamotten.de\/start\/wp-json\/wp\/v2\/product"}],"about":[{"href":"https:\/\/deine-klamotten.de\/start\/wp-json\/wp\/v2\/types\/product"}],"replies":[{"embeddable":true,"href":"https:\/\/deine-klamotten.de\/start\/wp-json\/wp\/v2\/comments?post=56998"}],"wp:attachment":[{"href":"https:\/\/deine-klamotten.de\/start\/wp-json\/wp\/v2\/media?parent=56998"}],"curies":[{"name":"wp","href":"https:\/\/api.w.org\/{rel}","templated":true}]}}