{"id":57254,"date":"2017-12-21T17:24:33","date_gmt":"2017-12-21T16:24:33","guid":{"rendered":"http:\/\/deine-klamotten.de\/?post_type=product&#038;p=57254"},"modified":"2017-12-27T15:57:34","modified_gmt":"2017-12-27T14:57:34","slug":"damen-fun-hoodie-meine-heimat-norddeutschland-individuell-bedruckt-mit-dem-namen-deiner-heimatstadt","status":"publish","type":"product","link":"https:\/\/deine-klamotten.de\/start\/produkt\/damen-fun-hoodie-meine-heimat-norddeutschland-individuell-bedruckt-mit-dem-namen-deiner-heimatstadt\/","title":{"rendered":"Damen Fun Hoodie Meine Heimat Norddeutschland individuell bedruckt mit dem Namen Deiner Heimatstadt"},"content":{"rendered":"<h3><strong>Damen Fun Hoodie &#8211; Deine Heimat &#8211; Norddeutschland<\/strong><\/h3>\n<h3><strong>Trage einfach den Namen Deiner Heimatstadt in das Textfeld ein und wir bedrucken Deinen ganz pers\u00f6nlichen Hoodie<\/strong><\/h3>\n<p>Du liebst Deine Heimat, den Norden und die Stadt in der Du lebst. Heimat ist nicht einfach nur eine Stadt, ein Ort oder ein Dorf \u2013 das ist ein Gef\u00fchl. Die norddeutsche Mentalit\u00e4t ist etwas ganz Besonderes. Du sp\u00fcrst und liebst die N\u00e4he zum Meer. Hier sagt man Moin und es wird noch Platt gesprochen. Unsere Hansest\u00e4dte sind einzigartig und die wundersch\u00f6ne K\u00fcste verw\u00f6hnt unz\u00e4hlige Urlauber.<\/p>\n<p>Hier findest Du <strong><span style=\"color: #d83131;\">viele sch\u00f6ne Dinge<\/span><\/strong>, die wir individuell mit dem Namen Deiner Heimatstadt bedrucken. Auch perfekt als Geschenk zum Geburtstag, zu Weihnachten oder einfach, um sich selbst eine Freude zu machen.<\/p>\n<p><a href=\"https:\/\/deine-klamotten.de\/produkt\/fun-shirt-meine-heimat-norddeutschland-individuell-bedruckt-mit-dem-namen-deiner-heimatstadt\/\">Herren Fun Shirts<\/a><\/p>\n<p><a href=\"https:\/\/deine-klamotten.de\/produkt\/damen-fun-shirt-meine-heimat-norddeutschland-individuell-bedruckt-mit-dem-namen-deiner-heimatstadt\/\">Damen Fun Shirts<\/a><\/p>\n<p><a href=\"https:\/\/deine-klamotten.de\/produkt\/kinder-fun-shirt-meine-heimat-norddeutschland-individuell-bedruckt-mit-dem-namen-deiner-heimatstadt\/\">Kinder Fun Shirts<\/a><\/p>\n<p><a href=\"https:\/\/deine-klamotten.de\/produkt\/fun-hoodie-meine-heimat-norddeutschland\/\">Herren Hoodies<\/a><\/p>\n<p><a href=\"https:\/\/deine-klamotten.de\/produkt\/damen-fun-hoodie-meine-heimat-norddeutschland-individuell-bedruckt-mit-dem-namen-deiner-heimatstadt\/\">Damen Hoodies<\/a><\/p>\n<p><a href=\"https:\/\/deine-klamotten.de\/produkt\/baby-fun-strampler-meine-heimat-norddeutschland-individuell-bedruckt-mit-dem-namen-deiner-heimatstadt\/\">Babystrampler<\/a><\/p>\n<p><a href=\"https:\/\/deine-klamotten.de\/produkt\/fun-muskel-shirt-meine-heimat-norddeutschland-individuell-bedruckt-mit-dem-namen-deiner-heimatstadt\/\">Herren Tanktops<\/a><\/p>\n<p><a href=\"https:\/\/deine-klamotten.de\/produkt\/damen-fun-tanktop-meine-heimat-norddeutschland-individuell-bedruckt-mit-dem-namen-deiner-heimatstadt\/\">Damen Tanktops<\/a><\/p>\n<p><a href=\"https:\/\/deine-klamotten.de\/produkt\/basecap-meine-heimat-norddeutschland-individuell-bedruckt-mit-dem-namen-deiner-heimatstadt\/\">Basecaps<\/a><\/p>\n<p><a href=\"https:\/\/deine-klamotten.de\/produkt\/turnbeutel-meine-heimat-norddeutschland-individuell-bedruckt-mit-dem-namen-deiner-heimatstadt\/\">Turnbeutel<\/a><\/p>\n<p><a href=\"https:\/\/deine-klamotten.de\/produkt\/kaffeetasse-meine-heimat-norddeutschland-individuell-bedruckt-mit-dem-namen-deiner-heimatstadt\/\">Kaffeetassen<\/a><\/p>\n<p><a href=\"https:\/\/deine-klamotten.de\/produkt\/kissen-meine-heimat-norddeutschland-individuell-bedruckt-mit-dem-namen-deiner-heimatstadt\/\">Kissen<\/a><\/p>\n<p><a href=\"https:\/\/deine-klamotten.de\/produkt\/wandtattoo-meine-heimat-norddeutschland-individuell-bedruckt-mit-dem-namen-deiner-heimatstadt\/\">Wandtattoos<\/a><\/p>\n<p><a href=\"https:\/\/deine-klamotten.de\/produkt\/kfz-tattoo-meine-heimat-norddeutschland-individuell-bedruckt-mit-dem-namen-deiner-heimatstadt\/\">Auto-Aufkleber<\/a><\/p>\n<p><a href=\"https:\/\/deine-klamotten.de\/produkt\/heckscheiben-aufkleber-meine-heimat-norddeutschland-individuell-bedruckt-mit-dem-namen-deiner-heimatstadt\/\">Heckscheiben-Aufkleber<\/a><\/p>\n<p>Aurich Braunschweig Bremen Bremerhaven Cuxhaven Flensburg G\u00f6ttingen Greifswald Hamburg Hannover Hildesheim Jever \u00a0Kiel L\u00fcbeck Niedersachsen Oldenburg Osnabr\u00fcck Ostfriesland Rostock Salzgitter Schwerin Stralsund St. Peter-Ording Wismar Wolfsburg<\/p>\n<hr \/>\n<p><strong>Artikelbeschreibung<\/strong><\/p>\n<p>\u2013 Sweatshirt<br \/>\n\u2013 K\u00e4ngurutasche<br \/>\n\u2013 Doppelkapuze<br \/>\n\u2013 Elasthanb\u00fcndchen an Arm und Saum<br \/>\n\u2013 Mischgewebe mit 80 % Baumwolle \u2013\u00a020 % Polyester<br \/>\n\u2013 Molton brushed<br \/>\n\u2013 280 g\/m<\/p>\n<div>\n<p>\u2013\u00a0femininer Schnitt<br \/>\n\u2013 leicht tailliert<\/p>\n<p>\u2013 3-f\u00e4dige Sweatware<br \/>\n\u2013 angeraute Innenseite<br \/>\n\u2013 Set-in-\u00c4rmel<br \/>\n\u2013 Elasthanb\u00fcndchen an Arm und Saum<br \/>\n\u2013 verst\u00e4rkte Schultern\u00e4hte<br \/>\n\u2013 Doppeln\u00e4hte<\/p>\n<p>\u2013 gek\u00e4mmte Baumwolle<br \/>\n\u2013 gute thermophysiologische Eigenschaften<br \/>\n\u2013 feine Oberfl\u00e4che<\/p>\n<\/div>\n","protected":false},"excerpt":{"rendered":"<p>Trage einfach den Namen Deiner Heimatstadt in das Textfeld ein und wir bedrucken Deinen ganz pers\u00f6nlichen Hoodie.<\/p>\n","protected":false},"featured_media":0,"comment_status":"open","ping_status":"closed","template":"","meta":[],"_links":{"self":[{"href":"https:\/\/deine-klamotten.de\/start\/wp-json\/wp\/v2\/product\/57254"}],"collection":[{"href":"https:\/\/deine-klamotten.de\/start\/wp-json\/wp\/v2\/product"}],"about":[{"href":"https:\/\/deine-klamotten.de\/start\/wp-json\/wp\/v2\/types\/product"}],"replies":[{"embeddable":true,"href":"https:\/\/deine-klamotten.de\/start\/wp-json\/wp\/v2\/comments?post=57254"}],"wp:attachment":[{"href":"https:\/\/deine-klamotten.de\/start\/wp-json\/wp\/v2\/media?parent=57254"}],"curies":[{"name":"wp","href":"https:\/\/api.w.org\/{rel}","templated":true}]}}