{"id":57462,"date":"2017-12-28T14:19:10","date_gmt":"2017-12-28T13:19:10","guid":{"rendered":"http:\/\/deine-klamotten.de\/?post_type=product&#038;p=57462"},"modified":"2018-01-02T21:00:38","modified_gmt":"2018-01-02T20:00:38","slug":"baby-fun-strampler-meine-heimat-sueddeutschland-individuell-bedruckt-mit-dem-namen-deiner-heimatstadt","status":"publish","type":"product","link":"https:\/\/deine-klamotten.de\/start\/produkt\/baby-fun-strampler-meine-heimat-sueddeutschland-individuell-bedruckt-mit-dem-namen-deiner-heimatstadt\/","title":{"rendered":"Baby Fun Strampler Meine Heimat S\u00fcddeutschland individuell bedruckt mit dem Namen Deiner Heimatstadt"},"content":{"rendered":"<h3><strong>Baby Fun Strampler &#8211; Deine Heimat &#8211; S\u00fcddeutschland<\/strong><\/h3>\n<h3><strong>Trage einfach den Namen Deiner Heimatstadt in das Textfeld ein und wir bedrucken Deinen ganz pers\u00f6nlichen Strampler f\u00fcr Dein Baby<br \/>\n<\/strong><\/h3>\n<p>Du liebst Deine Heimat, den S\u00fcden und die Stadt in der Du lebst. Heimat ist nicht einfach nur eine Stadt, ein Ort oder ein Dorf \u2013 das ist ein Gef\u00fchl. Die s\u00fcddeutsche Mentalit\u00e4t ist etwas ganz Besonderes. Du sp\u00fcrst und liebst die N\u00e4he zu den Bergen. Hier trinkt man Wei\u00dfbier, lebt seine Traditionen und genie\u00dft das Leben.<\/p>\n<p>Hier findest Du <strong><span style=\"color: #d83131;\">viele sch\u00f6ne Dinge<\/span><\/strong>, die wir individuell mit dem Namen Deiner Heimatstadt bedrucken. Auch perfekt als Geschenk zum Geburtstag, zu Weihnachten oder einfach, um sich selbst eine Freude zu machen.<\/p>\n<p><a href=\"https:\/\/deine-klamotten.de\/produkt\/herren-fun-shirt-meine-heimat-sueddeutschland-individuell-bedruckt-mit-dem-namen-deiner-heimatstadt\/\">Herren Fun Shirts<\/a><\/p>\n<p><a href=\"https:\/\/deine-klamotten.de\/produkt\/damen-fun-shirt-meine-heimat-sueddeutschland-individuell-bedruckt-mit-dem-namen-deiner-heimatstadt\/\">Damen Fun Shirts<\/a><\/p>\n<p><a href=\"https:\/\/deine-klamotten.de\/produkt\/kinder-fun-shirt-meine-heimat-sueddeutschland-individuell-bedruckt-mit-dem-namen-deiner-heimatstadt-2\/\">Kinder Fun Shirts<\/a><\/p>\n<p><a href=\"https:\/\/deine-klamotten.de\/produkt\/fun-hoodie-meine-heimat-sueddeutschland\/\">Herren Hoodies<\/a><\/p>\n<p><a href=\"https:\/\/deine-klamotten.de\/produkt\/damen-fun-hoodie-meine-heimat-sueddeutschland-individuell-bedruckt-mit-dem-namen-deiner-heimatstadt\/\">Damen Hoodies<\/a><\/p>\n<p><a href=\"https:\/\/deine-klamotten.de\/produkt\/baby-fun-strampler-meine-heimat-sueddeutschland-individuell-bedruckt-mit-dem-namen-deiner-heimatstadt\/\">Babystrampler<\/a><\/p>\n<p><a href=\"https:\/\/deine-klamotten.de\/produkt\/herren-fun-muskel-shirt-meine-heimat-sueddeutschland-individuell-bedruckt-mit-dem-namen-deiner-heimatstadt\/\">Herren Tanktops<\/a><\/p>\n<p><a href=\"https:\/\/deine-klamotten.de\/produkt\/damen-fun-tanktop-meine-heimat-sueddeutschland-individuell-bedruckt-mit-dem-namen-deiner-heimatstadt\/\">Damen Tanktops<\/a><\/p>\n<p><a href=\"https:\/\/deine-klamotten.de\/produkt\/basecap-meine-heimat-sueddeutschland-individuell-bedruckt-mit-dem-namen-deiner-heimatstadt\/\">Basecaps<\/a><\/p>\n<p><a href=\"https:\/\/deine-klamotten.de\/produkt\/turnbeutel-meine-heimat-sueddeutschland-individuell-bedruckt-mit-dem-namen-deiner-heimatstadt\/\">Turnbeutel<\/a><\/p>\n<p><a href=\"https:\/\/deine-klamotten.de\/produkt\/kaffeetasse-meine-heimat-sueddeutschland-individuell-bedruckt-mit-dem-namen-deiner-heimatstadt\/\">Kaffeetassen<\/a><\/p>\n<p><a href=\"https:\/\/deine-klamotten.de\/produkt\/kissen-meine-heimat-sueddeutschland-individuell-bedruckt-mit-dem-namen-deiner-heimatstadt\/\">Kissen<\/a><\/p>\n<p><a href=\"https:\/\/deine-klamotten.de\/produkt\/wandtattoo-meine-heimat-sueddeutschland-individuell-bedruckt-mit-dem-namen-deiner-heimatstadt\/\">Wandtattoos<\/a><\/p>\n<p><a href=\"https:\/\/deine-klamotten.de\/produkt\/kfz-tattoo-meine-heimat-sueddeutschland-individuell-bedruckt-mit-dem-namen-deiner-heimatstadt\/\">Auto-Aufkleber<\/a><\/p>\n<p><a href=\"https:\/\/deine-klamotten.de\/produkt\/heckscheiben-aufkleber-meine-heimat-sueddeutschland-individuell-bedruckt-mit-dem-namen-deiner-heimatstadt\/\">Heckscheiben-Aufkleber<\/a><\/p>\n<p>M\u00fcnchen Frankfurt Stuttgart N\u00fcrnberg Karlsruhe Mannheim Augsburg Wiesbaden Aachen Koblenz Trier Freiburg Idar-Oberstein Kassel Ludwigshafen Heidelberg Darmstadt Regensburg Offenbach Ulm Heilbronn Pforzheim Reutlingen Erlangen Mainz Weiterstadt Viernheim Kaiserslautern W\u00fcrzburg Kitzingen Weiden Amberg Heilbronn Wassertr\u00fcdingen Fellbach Bad Cannstatt G\u00f6ppingen Filderstadt Eningen Neu Ulm Biberach Friedrichshafen Kempten Donauw\u00f6rth Ingolstadt Deggendorf Gersthofen Landshut Maisach Eching Alt\u00f6tting Landsberg Baden Baden Coburg<\/p>\n<hr \/>\n<p><strong>Artikelbeschreibung<\/strong><\/p>\n<div>\n<div>Baby Stampler, \u00fcberlappende Schulterpartie f\u00fcr besonders leichtes An- und Ausziehen, Druckkn\u00f6pfe im Schritt, Rib, zertifizierte (Bio-) Baumwolle, 100% Baumwolle, 200g\/m\u00b2<\/div>\n<div><\/div>\n<div><strong>Verarbeitung<\/strong><\/div>\n<div>\u2013 \u00fcberlappende Schulterpartie f\u00fcr besonders leichtes An- und Ausziehen<\/div>\n<div>\u2013 Druckkn\u00f6pfe im Schritt<\/div>\n<div>\u2013 Doppeln\u00e4hte<\/div>\n<div>\u2013 Seitenn\u00e4hte<\/div>\n<div><\/div>\n<div><strong>Eigenschaften<\/strong><\/div>\n<div>\u2013 gek\u00e4mmte Baumwolle<\/div>\n<div>\u2013 strapazierf\u00e4hig<\/div>\n<div>\u2013 formbest\u00e4ndig<\/div>\n<div>\u2013 hohe Elastizit\u00e4t<\/div>\n<div>\u2013 weiches Griffgef\u00fchl<\/div>\n<div>\u2013 zertifizierte (Bio-) Baumwolle<\/div>\n<\/div>\n<p>&nbsp;<\/p>\n","protected":false},"excerpt":{"rendered":"<p>Trage einfach den Namen Deiner Heimatstadt in das Textfeld ein und wir bedrucken Deinen ganz pers\u00f6nlichen Baby Fun Strampler<\/p>\n","protected":false},"featured_media":0,"comment_status":"open","ping_status":"closed","template":"","meta":[],"_links":{"self":[{"href":"https:\/\/deine-klamotten.de\/start\/wp-json\/wp\/v2\/product\/57462"}],"collection":[{"href":"https:\/\/deine-klamotten.de\/start\/wp-json\/wp\/v2\/product"}],"about":[{"href":"https:\/\/deine-klamotten.de\/start\/wp-json\/wp\/v2\/types\/product"}],"replies":[{"embeddable":true,"href":"https:\/\/deine-klamotten.de\/start\/wp-json\/wp\/v2\/comments?post=57462"}],"wp:attachment":[{"href":"https:\/\/deine-klamotten.de\/start\/wp-json\/wp\/v2\/media?parent=57462"}],"curies":[{"name":"wp","href":"https:\/\/api.w.org\/{rel}","templated":true}]}}