{"id":58074,"date":"2018-01-06T10:16:20","date_gmt":"2018-01-06T09:16:20","guid":{"rendered":"http:\/\/deine-klamotten.de\/?post_type=product&#038;p=58074"},"modified":"2018-01-06T11:12:14","modified_gmt":"2018-01-06T10:12:14","slug":"rennrad-aufkleber-mit-flagge-und-individuellem-namen","status":"publish","type":"product","link":"https:\/\/deine-klamotten.de\/start\/produkt\/rennrad-aufkleber-mit-flagge-und-individuellem-namen\/","title":{"rendered":"Rennrad Aufkleber mit Flagge und individuellem Namen"},"content":{"rendered":"<h3><strong>Rennrad Aufkleber mit Flagge und individuellem Namen<\/strong><\/h3>\n<p>Einzigartiger Fahrrad Namensaufkleber mit Flagge<\/p>\n<p>Das Set bestehend aus je 1 St\u00fcck f\u00fcr die linke und rechte Rahmenseite<\/p>\n<p>H\u00f6he 15mm<\/p>\n<p>Die L\u00e4nge ergibt sich aus dem Namen<\/p>\n<p>Einfach den Wunschnamen in das Textfeld eingeben<\/p>\n<p>Schriftfarbe Schwarz oder Wei\u00df<\/p>\n<p>Au\u00dfergew\u00f6hnliches Aufkleber-Set f\u00fcr Dein Rennrad. Individuell mit Deinem Namen bedruckt.<\/p>\n<h3><strong>Rennrad Aufkleber mit Flagge und individuellem Namen<\/strong><\/h3>\n","protected":false},"excerpt":{"rendered":"<p>Trage einfach Deinen Wunschnamen in das Textfeld ein und wir drucken Deinen ganz pers\u00f6nlichen Fahrradaufkleber<\/p>\n<p>&nbsp;<\/p>\n","protected":false},"featured_media":0,"comment_status":"open","ping_status":"closed","template":"","meta":[],"_links":{"self":[{"href":"https:\/\/deine-klamotten.de\/start\/wp-json\/wp\/v2\/product\/58074"}],"collection":[{"href":"https:\/\/deine-klamotten.de\/start\/wp-json\/wp\/v2\/product"}],"about":[{"href":"https:\/\/deine-klamotten.de\/start\/wp-json\/wp\/v2\/types\/product"}],"replies":[{"embeddable":true,"href":"https:\/\/deine-klamotten.de\/start\/wp-json\/wp\/v2\/comments?post=58074"}],"wp:attachment":[{"href":"https:\/\/deine-klamotten.de\/start\/wp-json\/wp\/v2\/media?parent=58074"}],"curies":[{"name":"wp","href":"https:\/\/api.w.org\/{rel}","templated":true}]}}