{"id":58927,"date":"2018-01-14T09:37:31","date_gmt":"2018-01-14T08:37:31","guid":{"rendered":"http:\/\/deine-klamotten.de\/?post_type=product&#038;p=58927"},"modified":"2018-01-14T09:49:30","modified_gmt":"2018-01-14T08:49:30","slug":"aufkleber-set-10-fuer-pferdeanhaenger-schaedel","status":"publish","type":"product","link":"https:\/\/deine-klamotten.de\/start\/produkt\/aufkleber-set-10-fuer-pferdeanhaenger-schaedel\/","title":{"rendered":"Aufkleber Set 10 f\u00fcr Pferdeanh\u00e4nger Sch\u00e4del"},"content":{"rendered":"<h3><strong>Aufkleber-Set f\u00fcr Pferdeanh\u00e4nger Sch\u00e4del<\/strong><\/h3>\n<h3><strong>Dieses Aufkleber-Set ist nicht nur perfekt f\u00fcr Deinen Pferdetransporter, sondern auch f\u00fcr Deinen Wohnwagen. Dein Festivalmobil wird damit gro\u00dfartig aussehen. Egal ob Wohnwagen, Wohnmobil oder Bus. Ein St\u00fcck in Gr\u00f6\u00dfe 50cm passt auch super auf die Heckscheibe von Deinem PKW.<\/strong><\/h3>\n<h3><strong>Tolles Aufkleber-Set f\u00fcr Deinen Pferdetransporter<\/strong><\/h3>\n<p>Dieses 2-teilige Set f\u00fcr Deinen Pferdeanh\u00e4nger ist perfekt f\u00fcr Dich. Es macht aus Deinem Pferdeanh\u00e4nger etwas ganz Besonderes. Du bekommst je einen Aufkleber f\u00fcr die linke und die rechte Seite.<\/p>\n<p>3 Gr\u00f6\u00dfen: 50cm, 80cm und 120cm<\/p>\n<p class=\"x_p1\"><span class=\"x_s1\">DU WILLST ETWAS BESONDERES F\u00dcR DEIN FAHRZEUG, ETWAS EINZIGARTIGES, DANN NUTZE AUCH DU DIE VORTEILE UNSERER TATTOOS UND DEKORE!<span class=\"x_Apple-converted-space\">\u00a0<\/span><\/span><\/p>\n<p class=\"x_p3\"><span class=\"x_s3\">Selbstklebend leicht anzubringen R\u00fcckstandsfrei entfernbar<\/span><\/p>\n<p class=\"x_p3\"><span class=\"x_s2\">\u2022Zur Au\u00dfendekoration an Lackfl\u00e4chen und Glasfl\u00e4chen<\/span><\/p>\n<p class=\"x_p3\"><span class=\"x_s2\">\u2022Bei unseren Materialien handelt es sich um hauchd\u00fcnne Vinyl-Qualit\u00e4tsfolien, w\u00e4hlbar in bis zu\u00a019 Farben, Oberfl\u00e4che in gl\u00e4nzend\u00a0sowie schwarz und wei\u00df matt.<\/span><\/p>\n<p class=\"x_p3\"><span class=\"x_s2\">\u2022Handarbeit Made in Germany.<\/span><\/p>\n<p class=\"x_p3\"><span class=\"x_s2\">\u2022Der Untergrund muss frei von Fett, Schmutz, Teer, Politur, Silikon und Staub sein.<\/span><\/p>\n<p class=\"x_p3\"><span class=\"x_s2\">\u2022Bei neu lackierten Teilen muss der Lack mindestens 30 Tage endgetrocknet sein.<\/span><\/p>\n<p class=\"x_p3\"><span class=\"x_s2\">\u2022Selbstklebende Produkte nicht l\u00e4nger als 21 Tage nach Erhalt lagern.<\/span><\/p>\n<p class=\"x_p1\"><span class=\"x_s1\">Du hast die richtige Gr\u00f6\u00dfe nicht gefunden?<\/span><\/p>\n<p class=\"x_p3\"><span class=\"x_s2\">Kein Problem!<\/span><\/p>\n<p><span class=\"x_s2\">Schreibe uns Deine Wunschgr\u00f6\u00dfe unter Angabe der Artikel \u00dcberschrift einfach per Mail!<span class=\"x_Apple-converted-space\">\u00a0<\/span><\/span><\/p>\n<p><a href=\"mailto:info@deine-klamotten.de\">info@deine-klamotten.de<\/a><\/p>\n","protected":false},"excerpt":{"rendered":"<p><span class=\"x_s2\">Aufkleber-Set bestehend aus je 1 St\u00fcck linke und rechte Seite<\/span><\/p>\n<p>Lieferbar in drei Gr\u00f6\u00dfen: 50cm, 80cm und 120cm<\/p>\n<p>19\u00a0Farben<\/p>\n<p>Oberfl\u00e4che\u00a0 gl\u00e4nzend, sowie schwarz- und wei\u00df matt<\/p>\n","protected":false},"featured_media":0,"comment_status":"open","ping_status":"closed","template":"","meta":[],"_links":{"self":[{"href":"https:\/\/deine-klamotten.de\/start\/wp-json\/wp\/v2\/product\/58927"}],"collection":[{"href":"https:\/\/deine-klamotten.de\/start\/wp-json\/wp\/v2\/product"}],"about":[{"href":"https:\/\/deine-klamotten.de\/start\/wp-json\/wp\/v2\/types\/product"}],"replies":[{"embeddable":true,"href":"https:\/\/deine-klamotten.de\/start\/wp-json\/wp\/v2\/comments?post=58927"}],"wp:attachment":[{"href":"https:\/\/deine-klamotten.de\/start\/wp-json\/wp\/v2\/media?parent=58927"}],"curies":[{"name":"wp","href":"https:\/\/api.w.org\/{rel}","templated":true}]}}