{"id":61000,"date":"2018-01-17T21:10:15","date_gmt":"2018-01-17T20:10:15","guid":{"rendered":"http:\/\/deine-klamotten.de\/?post_type=product&#038;p=61000"},"modified":"2021-02-25T10:49:11","modified_gmt":"2021-02-25T09:49:11","slug":"fun-hoodie-triathlon-first","status":"publish","type":"product","link":"https:\/\/deine-klamotten.de\/start\/produkt\/fun-hoodie-triathlon-first\/","title":{"rendered":"Herren Fun Hoodie Triathlon First"},"content":{"rendered":"<h3><strong>M\u00e4nner Fun Hoodie Triathlon First<\/strong><strong><br \/>\n<\/strong><\/h3>\n<h3><strong>Wir M\u00e4nner sind einfach gestrickt. Wir brauchen nicht viel, um gl\u00fccklich zu sein. Ein kleiner Triathlon gen\u00fcgt uns schon \ud83d\ude09<\/strong><\/h3>\n<h3><strong>Fun Kapuzenpullover <\/strong><strong>Triathlon First<\/strong><\/h3>\n<h3><strong>Fun Hoodie\u00a0<\/strong><b>in Top Qualit\u00e4t zum super Preis<\/b><\/h3>\n<p>&#8211; K\u00e4ngurutasche<br \/>\n&#8211; Doppelkapuze<br \/>\n&#8211; Elasthanb\u00fcndchen an Arm und Saum<br \/>\n&#8211; Mischgewebe mit 80 % Baumwolle &#8211;\u00a020 % Polyester<br \/>\n&#8211; Molton brushed<br \/>\n&#8211; 280 g\/m<\/p>\n<div>\n<p>&#8211; komfortable Schnittform<br \/>\n&#8211; angenehmes Tragegef\u00fchl<\/p>\n<p>&#8211; 3-f\u00e4dige Sweatware<br \/>\n&#8211; angeraute Innenseite<br \/>\n&#8211; Set-in-\u00c4rmel<br \/>\n&#8211; Elasthanb\u00fcndchen an Arm und Saum<br \/>\n&#8211; verst\u00e4rkte Schultern\u00e4hte<br \/>\n&#8211; Doppeln\u00e4hte<\/p>\n<p>&#8211; gek\u00e4mmte Baumwolle<br \/>\n&#8211; gute thermophysiologische Eigenschaften<br \/>\n&#8211; feine Oberfl\u00e4che<\/p>\n<\/div>\n","protected":false},"excerpt":{"rendered":"<p>Herren Hoodie, Kapuze, K\u00e4ngurutasche, Baumwolle\/Polyester Mischgewebe (20\/80)<\/p>\n","protected":false},"featured_media":0,"comment_status":"open","ping_status":"closed","template":"","meta":[],"_links":{"self":[{"href":"https:\/\/deine-klamotten.de\/start\/wp-json\/wp\/v2\/product\/61000"}],"collection":[{"href":"https:\/\/deine-klamotten.de\/start\/wp-json\/wp\/v2\/product"}],"about":[{"href":"https:\/\/deine-klamotten.de\/start\/wp-json\/wp\/v2\/types\/product"}],"replies":[{"embeddable":true,"href":"https:\/\/deine-klamotten.de\/start\/wp-json\/wp\/v2\/comments?post=61000"}],"wp:attachment":[{"href":"https:\/\/deine-klamotten.de\/start\/wp-json\/wp\/v2\/media?parent=61000"}],"curies":[{"name":"wp","href":"https:\/\/api.w.org\/{rel}","templated":true}]}}