{"id":62423,"date":"2018-01-23T18:49:04","date_gmt":"2018-01-23T17:49:04","guid":{"rendered":"http:\/\/deine-klamotten.de\/?post_type=product&#038;p=62423"},"modified":"2018-01-23T19:05:35","modified_gmt":"2018-01-23T18:05:35","slug":"fun-shirt-sabbel-nich-dat-geiht-norddeutsch","status":"publish","type":"product","link":"https:\/\/deine-klamotten.de\/start\/produkt\/fun-shirt-sabbel-nich-dat-geiht-norddeutsch\/","title":{"rendered":"Herren V-Neck Fun Shirt Sabbel nich! Dat geiht! Norddeutsch"},"content":{"rendered":"<h3><strong>M\u00e4nner Fun Shirt Sabbel nich! Dat geiht! Norddeutsch<\/strong><\/h3>\n<h3><strong>Moin, so gr\u00fc\u00dft man bei uns im Norden. Der Anker als Symbol f\u00fcr unsere Bodenst\u00e4ndigkeit, unseren Stolz und unsere Werte. Den Geruch des Meeres immer in der Nase. Dieses Shirt ist ein klares Statement: Ich bin Norddeutscher. <\/strong><\/h3>\n<h3><strong>Fun Shirt Sabbel nicht! Dat geih! Norddeutsch<\/strong><\/h3>\n<h3><b>Sch\u00f6nes Herren T-Shirt in Top Qualit\u00e4t zum super Preis<\/b><\/h3>\n<p>T-Shirt, V-Ausschnitt, Single Jersey, 100 % Baumwolle, 180 g\/m\u00b2<\/p>\n<div><strong>Schnitt<\/strong><\/div>\n<div>&#8211; komfortable Schnittform<\/div>\n<div><\/div>\n<div><strong>Verarbeitung<\/strong><\/div>\n<div>&#8211; Rippb\u00fcndchen mit Elasthan<\/div>\n<div>&#8211; Nackenband<\/div>\n<div>&#8211; verst\u00e4rkte Schultern\u00e4hte<\/div>\n<div>&#8211; Doppeln\u00e4hte<\/div>\n<div>&#8211; Schlauchware<\/div>\n<div><\/div>\n<div><strong>Eigenschaften<\/strong><\/div>\n<div>&#8211; gek\u00e4mmte Baumwolle<\/div>\n<div>&#8211; strapazierf\u00e4hig<\/div>\n<div>&#8211; formbest\u00e4ndig<\/div>\n<div>&#8211; weiches Griffgef\u00fchl<\/div>\n","protected":false},"excerpt":{"rendered":"<p>M\u00e4nner T-Shirt\u00a0, V-Ausschnitt, Single Jersey<\/p>\n","protected":false},"featured_media":0,"comment_status":"open","ping_status":"closed","template":"","meta":[],"_links":{"self":[{"href":"https:\/\/deine-klamotten.de\/start\/wp-json\/wp\/v2\/product\/62423"}],"collection":[{"href":"https:\/\/deine-klamotten.de\/start\/wp-json\/wp\/v2\/product"}],"about":[{"href":"https:\/\/deine-klamotten.de\/start\/wp-json\/wp\/v2\/types\/product"}],"replies":[{"embeddable":true,"href":"https:\/\/deine-klamotten.de\/start\/wp-json\/wp\/v2\/comments?post=62423"}],"wp:attachment":[{"href":"https:\/\/deine-klamotten.de\/start\/wp-json\/wp\/v2\/media?parent=62423"}],"curies":[{"name":"wp","href":"https:\/\/api.w.org\/{rel}","templated":true}]}}