{"id":62840,"date":"2018-01-23T20:30:58","date_gmt":"2018-01-23T19:30:58","guid":{"rendered":"http:\/\/deine-klamotten.de\/?post_type=product&#038;p=62840"},"modified":"2018-08-07T12:50:42","modified_gmt":"2018-08-07T10:50:42","slug":"damen-fun-tanktop-welcome-to-the-other-side-skull-totenkopf","status":"publish","type":"product","link":"https:\/\/deine-klamotten.de\/start\/produkt\/damen-fun-tanktop-welcome-to-the-other-side-skull-totenkopf\/","title":{"rendered":"Damen Fun Tanktop Welcome To The Other Side Skull Totenkopf"},"content":{"rendered":"<h3><strong>Damen Fun Tanktop Welcome To The Other Side Skull Totenkopf<\/strong><\/h3>\n<h3><strong>Cooles Tanktop f\u00fcr alle die auf Rock, Metal oder einfach nur Totenk\u00f6pfe stehen<\/strong><\/h3>\n<h3><b>Damen Tr\u00e4gershirt in Top Qualit\u00e4t zum super Preis<\/b><\/h3>\n<div>Tr\u00e4gershirt, figurbetont, Single Jersey, neutrales Gr\u00f6\u00dfenetikett,\u00a095 % Baumwolle, 5 % Elasthan, 180 g\/m\u00b2<\/div>\n<div><\/div>\n<div><strong>Schnitt<\/strong><\/div>\n<div>&#8211; figurbetont<\/div>\n<div><\/div>\n<div><strong>Verarbeitung<\/strong><\/div>\n<div>&#8211; neutrales Gr\u00f6\u00dfenetikett<\/div>\n<div>&#8211; Doppeln\u00e4hte<\/div>\n<div>&#8211; Seitenn\u00e4hte<\/div>\n<div><\/div>\n<div><strong>Eigenschaften<\/strong><\/div>\n<div>&#8211; gek\u00e4mmte Baumwolle<\/div>\n<div>&#8211; weiches Griffgef\u00fchl<\/div>\n<div>&#8211; Elasthananteil f\u00fcr besseren Komfort und Tragegef\u00fchl<\/div>\n<div><\/div>\n","protected":false},"excerpt":{"rendered":"<p>Damen Tank Top, Tr\u00e4gershirt, figurbetont, Single Jersey<\/p>\n","protected":false},"featured_media":0,"comment_status":"open","ping_status":"closed","template":"","meta":[],"_links":{"self":[{"href":"https:\/\/deine-klamotten.de\/start\/wp-json\/wp\/v2\/product\/62840"}],"collection":[{"href":"https:\/\/deine-klamotten.de\/start\/wp-json\/wp\/v2\/product"}],"about":[{"href":"https:\/\/deine-klamotten.de\/start\/wp-json\/wp\/v2\/types\/product"}],"replies":[{"embeddable":true,"href":"https:\/\/deine-klamotten.de\/start\/wp-json\/wp\/v2\/comments?post=62840"}],"wp:attachment":[{"href":"https:\/\/deine-klamotten.de\/start\/wp-json\/wp\/v2\/media?parent=62840"}],"curies":[{"name":"wp","href":"https:\/\/api.w.org\/{rel}","templated":true}]}}