{"id":63283,"date":"2018-01-23T21:36:29","date_gmt":"2018-01-23T20:36:29","guid":{"rendered":"http:\/\/deine-klamotten.de\/?post_type=product&#038;p=63283"},"modified":"2018-01-23T21:44:57","modified_gmt":"2018-01-23T20:44:57","slug":"damen-fun-tanktop-boese-maedchen-kommen-in-die-hoelle-ich-nicht-ich-habe-hausverbot","status":"publish","type":"product","link":"https:\/\/deine-klamotten.de\/start\/produkt\/damen-fun-tanktop-boese-maedchen-kommen-in-die-hoelle-ich-nicht-ich-habe-hausverbot\/","title":{"rendered":"Damen Fun Tanktop B\u00f6se M\u00e4dchen kommen in die H\u00f6lle. Ich nicht, ich habe Hausverbot!"},"content":{"rendered":"<h3><strong>Damen Fun Tanktop <\/strong><strong>B\u00f6se M\u00e4dchen kommen in die H\u00f6lle. Ich nicht, ich habe Hausverbot!<\/strong><\/h3>\n<h3><strong>Du bist ein b\u00f6ses M\u00e4dchen? Keine Sorge, wir M\u00e4nner lieben b\u00f6se M\u00e4dchen.<\/strong><\/h3>\n<h3><strong>Auch perfekt f\u00fcr das Fitness Studio<\/strong><\/h3>\n<h3><b>Damen Tr\u00e4gershirt in Top Qualit\u00e4t zum super Preis<\/b><\/h3>\n<div>Tr\u00e4gershirt, figurbetont, Single Jersey, neutrales Gr\u00f6\u00dfenetikett,\u00a095 % Baumwolle, 5 % Elasthan, 180 g\/m\u00b2<\/div>\n<div><\/div>\n<div><strong>Schnitt<\/strong><\/div>\n<div>&#8211; figurbetont<\/div>\n<div><\/div>\n<div><strong>Verarbeitung<\/strong><\/div>\n<div>&#8211; neutrales Gr\u00f6\u00dfenetikett<\/div>\n<div>&#8211; Doppeln\u00e4hte<\/div>\n<div>&#8211; Seitenn\u00e4hte<\/div>\n<div><\/div>\n<div><strong>Eigenschaften<\/strong><\/div>\n<div>&#8211; gek\u00e4mmte Baumwolle<\/div>\n<div>&#8211; weiches Griffgef\u00fchl<\/div>\n<div>&#8211; Elasthananteil f\u00fcr besseren Komfort und Tragegef\u00fchl<\/div>\n<div><\/div>\n","protected":false},"excerpt":{"rendered":"<p>Damen Tank Top, Tr\u00e4gershirt, figurbetont, Single Jersey<\/p>\n","protected":false},"featured_media":0,"comment_status":"open","ping_status":"closed","template":"","meta":[],"_links":{"self":[{"href":"https:\/\/deine-klamotten.de\/start\/wp-json\/wp\/v2\/product\/63283"}],"collection":[{"href":"https:\/\/deine-klamotten.de\/start\/wp-json\/wp\/v2\/product"}],"about":[{"href":"https:\/\/deine-klamotten.de\/start\/wp-json\/wp\/v2\/types\/product"}],"replies":[{"embeddable":true,"href":"https:\/\/deine-klamotten.de\/start\/wp-json\/wp\/v2\/comments?post=63283"}],"wp:attachment":[{"href":"https:\/\/deine-klamotten.de\/start\/wp-json\/wp\/v2\/media?parent=63283"}],"curies":[{"name":"wp","href":"https:\/\/api.w.org\/{rel}","templated":true}]}}