{"id":63773,"date":"2018-01-27T13:15:38","date_gmt":"2018-01-27T12:15:38","guid":{"rendered":"http:\/\/deine-klamotten.de\/?post_type=product&#038;p=63773"},"modified":"2018-08-07T12:23:14","modified_gmt":"2018-08-07T10:23:14","slug":"damen-fun-hoodie-music-is-my-life","status":"publish","type":"product","link":"https:\/\/deine-klamotten.de\/start\/produkt\/damen-fun-hoodie-music-is-my-life\/","title":{"rendered":"Damen Fun Hoodie Music Is My Life"},"content":{"rendered":"<h3><strong>Damen Fun Hoodie Music Is My Life<\/strong><\/h3>\n<h3><b style=\"font-size: 20.16px;\">Sehr sch\u00f6ner Pulli mit au\u00dfergew\u00f6hnlichem Print. Das Wort &#8222;Music&#8220; besteht aus vielen kleinen Noten. <\/b><\/h3>\n<h3><b style=\"font-size: 20.16px;\">Sieht echt super aus!<\/b><\/h3>\n<h3><b style=\"font-size: 20.16px;\">Cooler Kapuzenpullover mit coolem Print.<\/b><\/h3>\n<h3><strong>Damen Fun Hoodie Music Is My Life<\/strong><\/h3>\n<p>&#8211; Sweatshirt<br \/>\n&#8211; K\u00e4ngurutasche<br \/>\n&#8211; Doppelkapuze<br \/>\n&#8211; Elasthanb\u00fcndchen an Arm und Saum<br \/>\n&#8211; Mischgewebe mit 80 % Baumwolle &#8211;\u00a020 % Polyester<br \/>\n&#8211; Molton brushed<br \/>\n&#8211; 280 g\/m<\/p>\n<div>\n<p>&#8211;\u00a0femininer Schnitt<br \/>\n&#8211; leicht tailliert<\/p>\n<p>&#8211; 3-f\u00e4dige Sweatware<br \/>\n&#8211; angeraute Innenseite<br \/>\n&#8211; Set-in-\u00c4rmel<br \/>\n&#8211; Elasthanb\u00fcndchen an Arm und Saum<br \/>\n&#8211; verst\u00e4rkte Schultern\u00e4hte<br \/>\n&#8211; Doppeln\u00e4hte<\/p>\n<p>&#8211; gek\u00e4mmte Baumwolle<br \/>\n&#8211; gute thermophysiologische Eigenschaften<br \/>\n&#8211; feine Oberfl\u00e4che<\/p>\n<\/div>\n","protected":false},"excerpt":{"rendered":"<p>Damen Hoodie, Kapuze, K\u00e4ngurutasche, figurbetont, Baumwolle\/Polyester Mischgewebe (20\/80)<\/p>\n","protected":false},"featured_media":0,"comment_status":"open","ping_status":"closed","template":"","meta":[],"_links":{"self":[{"href":"https:\/\/deine-klamotten.de\/start\/wp-json\/wp\/v2\/product\/63773"}],"collection":[{"href":"https:\/\/deine-klamotten.de\/start\/wp-json\/wp\/v2\/product"}],"about":[{"href":"https:\/\/deine-klamotten.de\/start\/wp-json\/wp\/v2\/types\/product"}],"replies":[{"embeddable":true,"href":"https:\/\/deine-klamotten.de\/start\/wp-json\/wp\/v2\/comments?post=63773"}],"wp:attachment":[{"href":"https:\/\/deine-klamotten.de\/start\/wp-json\/wp\/v2\/media?parent=63773"}],"curies":[{"name":"wp","href":"https:\/\/api.w.org\/{rel}","templated":true}]}}