{"id":6523,"date":"2017-06-20T20:23:16","date_gmt":"2017-06-20T18:23:16","guid":{"rendered":"http:\/\/staging.deine-klamotten.de\/?post_type=product&#038;p=6523"},"modified":"2018-10-19T12:52:17","modified_gmt":"2018-10-19T10:52:17","slug":"fun-shirt-ich-bin-lkw-fahrer-warum-weil-ichs-kann","status":"publish","type":"product","link":"https:\/\/deine-klamotten.de\/start\/produkt\/fun-shirt-ich-bin-lkw-fahrer-warum-weil-ichs-kann\/","title":{"rendered":"Herren V-Neck Fun Shirt Ich bin LKW Fahrer Warum? Weil ichs kann"},"content":{"rendered":"<div>\n<h3><strong>Mit 40 Tonnen im R\u00fccken gleitest Du \u00fcber Landstra\u00dfen und Autobahnen. Du bist mit Leib und Seele Trucker. F\u00fcr diesen Job muss man gebohren sein. Ich bin LKW-Fahrer &#8211; warum, weil ich&#8217;s kann! Cooles M\u00e4nner Fun Shirt in Top Qualit\u00e4t zum super Preis.<\/strong><\/h3>\n<\/div>\n<div>T-Shirt, V-Ausschnitt, Single Jersey, 100 % Baumwolle, 180 g\/m\u00b2<\/div>\n<div><\/div>\n<div><strong>Schnitt<\/strong><\/div>\n<div>&#8211; komfortable Schnittform<\/div>\n<div><\/div>\n<div><strong>Verarbeitung<\/strong><\/div>\n<div>&#8211; Rippb\u00fcndchen mit Elasthan<\/div>\n<div>&#8211; Nackenband<\/div>\n<div>&#8211; verst\u00e4rkte Schultern\u00e4hte<\/div>\n<div>&#8211; Doppeln\u00e4hte<\/div>\n<div>&#8211; Schlauchware<\/div>\n<div><\/div>\n<div><strong>Eigenschaften<\/strong><\/div>\n<div>&#8211; gek\u00e4mmte Baumwolle<\/div>\n<div>&#8211; strapazierf\u00e4hig<\/div>\n<div>&#8211; formbest\u00e4ndig<\/div>\n<div>&#8211; weiches Griffgef\u00fchl<\/div>\n","protected":false},"excerpt":{"rendered":"<p>M\u00e4nner T-Shirt, V-Ausschnitt, Single Jersey<\/p>\n","protected":false},"featured_media":0,"comment_status":"open","ping_status":"closed","template":"","meta":[],"_links":{"self":[{"href":"https:\/\/deine-klamotten.de\/start\/wp-json\/wp\/v2\/product\/6523"}],"collection":[{"href":"https:\/\/deine-klamotten.de\/start\/wp-json\/wp\/v2\/product"}],"about":[{"href":"https:\/\/deine-klamotten.de\/start\/wp-json\/wp\/v2\/types\/product"}],"replies":[{"embeddable":true,"href":"https:\/\/deine-klamotten.de\/start\/wp-json\/wp\/v2\/comments?post=6523"}],"wp:attachment":[{"href":"https:\/\/deine-klamotten.de\/start\/wp-json\/wp\/v2\/media?parent=6523"}],"curies":[{"name":"wp","href":"https:\/\/api.w.org\/{rel}","templated":true}]}}