{"id":65369,"date":"2018-02-03T10:25:03","date_gmt":"2018-02-03T09:25:03","guid":{"rendered":"http:\/\/deine-klamotten.de\/?post_type=product&#038;p=65369"},"modified":"2021-02-25T11:14:22","modified_gmt":"2021-02-25T10:14:22","slug":"fun-hoodie-auf-einen-staender-gehoert-ein-ordentliches-becken-schlagzeug-drums","status":"publish","type":"product","link":"https:\/\/deine-klamotten.de\/start\/produkt\/fun-hoodie-auf-einen-staender-gehoert-ein-ordentliches-becken-schlagzeug-drums\/","title":{"rendered":"Herren Fun Hoodie Auf einen St\u00e4nder geh\u00f6rt ein ordentliches Becken Schlagzeug Drums"},"content":{"rendered":"<h3><strong>M\u00e4nner Fun Hoodie Auf einen St\u00e4nder geh\u00f6rt ein ordentliches Becken Schlagzeug Drums<\/strong><\/h3>\n<h3><strong style=\"font-size: 20.16px;\">Cooler Fun Kapuzenpullover f\u00fcr alle Drummer<\/strong><\/h3>\n<h3><strong>M\u00e4nner Fun Hoodie Auf einen St\u00e4nder geh\u00f6rt ein ordentliches Becken Schlagzeug Drums<\/strong><\/h3>\n<p>&#8211; K\u00e4ngurutasche<br \/>\n&#8211; Doppelkapuze<br \/>\n&#8211; Elasthanb\u00fcndchen an Arm und Saum<br \/>\n&#8211; Mischgewebe mit 80 % Baumwolle &#8211;\u00a020 % Polyester<br \/>\n&#8211; Molton brushed<br \/>\n&#8211; 280 g\/m<\/p>\n<p>&#8211; komfortable Schnittform<br \/>\n&#8211; angenehmes Tragegef\u00fchl<\/p>\n<div>\n<p>&#8211; 3-f\u00e4dige Sweatware<br \/>\n&#8211; angeraute Innenseite<br \/>\n&#8211; Set-in-\u00c4rmel<br \/>\n&#8211; Elasthanb\u00fcndchen an Arm und Saum<br \/>\n&#8211; verst\u00e4rkte Schultern\u00e4hte<br \/>\n&#8211; Doppeln\u00e4hte<\/p>\n<p>&#8211; gek\u00e4mmte Baumwolle<br \/>\n&#8211; gute thermophysiologische Eigenschaften<br \/>\n&#8211; feine Oberfl\u00e4che<\/p>\n<\/div>\n","protected":false},"excerpt":{"rendered":"<p>Herren Hoodie, Kapuze, K\u00e4ngurutasche, Baumwolle\/Polyester Mischgewebe (20\/80)<\/p>\n","protected":false},"featured_media":0,"comment_status":"open","ping_status":"closed","template":"","meta":[],"_links":{"self":[{"href":"https:\/\/deine-klamotten.de\/start\/wp-json\/wp\/v2\/product\/65369"}],"collection":[{"href":"https:\/\/deine-klamotten.de\/start\/wp-json\/wp\/v2\/product"}],"about":[{"href":"https:\/\/deine-klamotten.de\/start\/wp-json\/wp\/v2\/types\/product"}],"replies":[{"embeddable":true,"href":"https:\/\/deine-klamotten.de\/start\/wp-json\/wp\/v2\/comments?post=65369"}],"wp:attachment":[{"href":"https:\/\/deine-klamotten.de\/start\/wp-json\/wp\/v2\/media?parent=65369"}],"curies":[{"name":"wp","href":"https:\/\/api.w.org\/{rel}","templated":true}]}}