{"id":65420,"date":"2018-02-03T11:16:54","date_gmt":"2018-02-03T10:16:54","guid":{"rendered":"http:\/\/deine-klamotten.de\/?post_type=product&#038;p=65420"},"modified":"2018-02-04T12:15:34","modified_gmt":"2018-02-04T11:15:34","slug":"fun-shirt-wuaerst-is-feddich-grill-grillen","status":"publish","type":"product","link":"https:\/\/deine-klamotten.de\/start\/produkt\/fun-shirt-wuaerst-is-feddich-grill-grillen\/","title":{"rendered":"Herren V-Neck Fun Shirt Wu\u00e4rst is feddich Grill Grillen"},"content":{"rendered":"<h3><strong>M\u00e4nner Fun Shirt Wu\u00e4rst is feddich Grill Grillen<\/strong><\/h3>\n<h3><strong>Egal ob Gasgrill oder Kohlegrill, so zeigst Du wer der Meister der Burger und Nackensteaks ist. Du bist geboren um zu grillen &#8211; Born To Grill<\/strong><\/h3>\n<h3><strong>M\u00e4nner Fun Shirt Wu\u00e4rst is feddich Grill Grillen<\/strong><\/h3>\n<h3><b>Cooles Herren T-Shirt in Top Qualit\u00e4t zum super Preis<\/b><\/h3>\n<p>T-Shirt, V-Ausschnitt, Single Jersey, 100 % Baumwolle, 180 g\/m\u00b2<\/p>\n<div><strong>Schnitt<\/strong><\/div>\n<div>&#8211; komfortable Schnittform<\/div>\n<div><\/div>\n<div><strong>Verarbeitung<\/strong><\/div>\n<div>&#8211; Rippb\u00fcndchen mit Elasthan<\/div>\n<div>&#8211; Nackenband<\/div>\n<div>&#8211; verst\u00e4rkte Schultern\u00e4hte<\/div>\n<div>&#8211; Doppeln\u00e4hte<\/div>\n<div>&#8211; Schlauchware<\/div>\n<div><\/div>\n<div><strong>Eigenschaften<\/strong><\/div>\n<div>&#8211; gek\u00e4mmte Baumwolle<\/div>\n<div>&#8211; strapazierf\u00e4hig<\/div>\n<div>&#8211; formbest\u00e4ndig<\/div>\n<div>&#8211; weiches Griffgef\u00fchl<\/div>\n","protected":false},"excerpt":{"rendered":"<p>M\u00e4nner T-Shirt\u00a0, V-Ausschnitt, Single Jersey<\/p>\n","protected":false},"featured_media":0,"comment_status":"open","ping_status":"closed","template":"","meta":[],"_links":{"self":[{"href":"https:\/\/deine-klamotten.de\/start\/wp-json\/wp\/v2\/product\/65420"}],"collection":[{"href":"https:\/\/deine-klamotten.de\/start\/wp-json\/wp\/v2\/product"}],"about":[{"href":"https:\/\/deine-klamotten.de\/start\/wp-json\/wp\/v2\/types\/product"}],"replies":[{"embeddable":true,"href":"https:\/\/deine-klamotten.de\/start\/wp-json\/wp\/v2\/comments?post=65420"}],"wp:attachment":[{"href":"https:\/\/deine-klamotten.de\/start\/wp-json\/wp\/v2\/media?parent=65420"}],"curies":[{"name":"wp","href":"https:\/\/api.w.org\/{rel}","templated":true}]}}